{"id":17413,"date":"2025-01-15T15:19:08","date_gmt":"2025-01-15T14:19:08","guid":{"rendered":"https:\/\/studiostockmans.com\/privacy\/"},"modified":"2025-05-30T14:54:28","modified_gmt":"2025-05-30T12:54:28","slug":"datenschutz","status":"publish","type":"page","link":"https:\/\/studiostockmans.com\/de\/info\/datenschutz\/","title":{"rendered":"Datenschutzerkl\u00e4rung"},"content":{"rendered":"\n<h2 class=\"wp-block-heading\">1. Warum diese Datenschutzerkl\u00e4rung?<\/h2>\n\n\n\n<p>Studio Pieter Stockmans legt gro\u00dfen Wert auf den Schutz Ihrer Privatsph\u00e4re und Ihrer personenbezogenen Daten. Wir verwenden Ihre personenbezogenen Daten ausschlie\u00dflich in \u00dcbereinstimmung mit dem Datenschutzrecht und anderen relevanten geltenden gesetzlichen Vorgaben. In dieser Datenschutzerkl\u00e4rung ist jeder Hinweis auf das Datenschutzrecht ein Hinweis auf das Gesetz vom 8. Dezember 1992 \u00fcber den Schutz des Privatlebens hinsichtlich der Verarbeitung personenbezogener Daten. Jeder Hinweis auf die Verordnung ist ein Hinweis auf die Verordnung vom 27. April 2016 zum Schutz nat\u00fcrlicher Personen bei der Verarbeitung personenbezogener Daten und zum freien Datenverkehr.<\/p>\n\n\n\n<p>Mit dieser Datenschutzerkl\u00e4rung m\u00f6chte Studio Pieter Stockmans Sie auf m\u00f6gliche Verarbeitungsverfahren im Hinblick auf diese Daten und auf Ihre Rechte hinweisen. Durch die Nutzung unserer Website stimmen Sie den m\u00f6glichen Verarbeitungsverfahren durch Studio Pieter Stockmans ausdr\u00fccklich zu.<\/p>\n\n\n\n<p>M\u00f6glicherweise muss diese Datenschutzerkl\u00e4rung in der Zukunft angepasst und ge\u00e4ndert werden. Es ist an Ihnen, dieses Dokument in regelm\u00e4\u00dfigen Abst\u00e4nden zu pr\u00fcfen. Jede substanzielle \u00c4nderung wird auf der Website von Studio Pieter Stockmans stets deutlich mitgeteilt.<\/p>\n\n\n\n<h2 class=\"wp-block-heading\">2. Wer verarbeitet die personenbezogenen Daten?<\/h2>\n\n\n\n<p>Die Website&nbsp;<a href=\"https:\/\/www.studiostockmans.com\/de\/\">www.studiostockmans.com<\/a>&nbsp;ist eine Initiative von:<\/p>\n\n\n\n<p>Studio Pieter Stockmans<br>C-mine 100 bus 2<br>3600 Genk-Winterslag<br>Belgium<br>E-mail:&nbsp;<a href=\"mailto:info@studiostockmans.com\">info@studiostockmans.com<\/a><br>Telefon:&nbsp;<a href=\"tel:+32 (0)89 382 362\">+08 (0) 382362<\/a><\/p>\n\n\n\n<h2 class=\"wp-block-heading\">3. Welche personenbezogenen Daten werden verarbeitet?<\/h2>\n\n\n\n<p>Studio Pieter Stockmans garantiert, dass nur die Daten verarbeitet werden, die f\u00fcr die Zwecke, f\u00fcr die sie erfasst werden, sachlich relevant und notwendig sind. Die folgenden Arten von personenbezogenen Daten k\u00f6nnen von Studio Pieter Stockmans verarbeitet werden:<\/p>\n\n\n\n<ul class=\"wp-block-list\">\n<li>Identifikationsdaten<\/li>\n\n\n\n<li>Finanzielle Details<\/li>\n\n\n\n<li>Pers\u00f6nliche Merkmale<\/li>\n\n\n\n<li>Physische Daten<\/li>\n\n\n\n<li>Lebensgewohnheiten<\/li>\n\n\n\n<li>Psychische Daten<\/li>\n\n\n\n<li>Zusammensetzung der Familie<\/li>\n\n\n\n<li>Freizeitaktivit\u00e4ten und Interessen<\/li>\n\n\n\n<li>Partnerschaften<\/li>\n\n\n\n<li>Gerichtsinformationen<\/li>\n\n\n\n<li>Konsumgewohnheiten<\/li>\n\n\n\n<li>Geh\u00e4useeigenschaften<\/li>\n\n\n\n<li>Informationen zur allgemeinen und beruflichen Bildung<\/li>\n\n\n\n<li>Informationen zu Beruf und Besch\u00e4ftigung<\/li>\n\n\n\n<li>Nationale Registernummer und Sozialversicherungsnummer<\/li>\n\n\n\n<li>Rassische oder ethnische Herkunft<\/li>\n\n\n\n<li>Sexualleben oder sexuelle Orientierung<\/li>\n\n\n\n<li>Politische Meinungen<\/li>\n\n\n\n<li>Religi\u00f6se oder weltanschauliche \u00dcberzeugungen<\/li>\n\n\n\n<li>Bildaufnahmen<\/li>\n\n\n\n<li>Tonaufnahmen<\/li>\n<\/ul>\n\n\n\n<h2 class=\"wp-block-heading\">4. Zu welchen Zwecken werden meine personenbezogenen Daten verwendet?<\/h2>\n\n\n\n<p>Studio Pieter Stockmans erfasst personenbezogene Daten, um Ihnen eine sichere, pers\u00f6nliche und optimale Benutzererfahrung zu bieten. Je intensiver Sie unsere Website und unsere Online-Dienstleistung nutzen, desto umfangreicher werden Ihre personenbezogenen Daten erfasst.<\/p>\n\n\n\n<p>Die Datenverarbeitung ist f\u00fcr die Funktion der Website und der dazugeh\u00f6rigen Dienste unerl\u00e4sslich. Die Verarbeitung erfolgt ausschlie\u00dflich zu den folgenden genau beschriebenen Zwecken:<\/p>\n\n\n\n<ul class=\"wp-block-list\">\n<li>Zugriff auf Ihr Benutzerprofil<\/li>\n\n\n\n<li>Angebot und Verbesserung einer allgemeinen und personalisierten Dienstleistung, einschl. Rechnungsstellung, Angebot von Informationen, Newslettern und f\u00fcr Sie n\u00fctzlichen und\/oder notwendigen Angeboten, Empfang und Verarbeitung von Benutzerbeurteilungen sowie der Kundenunterst\u00fctzung.<\/li>\n\n\n\n<li>Angebot und Verbesserung der gelieferten Produkte, individuell zugeschnittene und spezielle Produkte anhand der gelieferten Informationen und Daten.<\/li>\n\n\n\n<li>Erkennung von und Schutz vor Betrug, Fehlern und\/oder kriminellen Handlungen.<\/li>\n\n\n\n<li>Marketingzwecke<\/li>\n<\/ul>\n\n\n\n<p>Bei einem Besuch auf der Website von Studio Pieter Stockmans werden einige Daten zu statistischen Zwecken erfasst. Diese Daten sind erforderlich, um die Nutzung unserer Website zu optimieren. Diese Daten sind: IP-Adresse, vermutlicher Standort, Zeit und Tag des Besuchs, welche Seiten besucht wurden. Wenn Sie die Website von Studio Pieter Stockmans besuchen, erkl\u00e4ren Sie sich mit dieser Datenerfassung zu den oben beschriebenen statistischen Zwecken einverstanden.<\/p>\n\n\n\n<p>Der Benutzer stellt Studio Pieter Stockmans seine personenbezogenen Daten immer selbst bereit und kann auf diese Weise eine sichere Kontrolle aus\u00fcben. Falls bestimmte Daten unvollst\u00e4ndig oder offensichtlich falsch sind, beh\u00e4lt sich Studio Pieter Stockmans das Recht vor, bestimmte erwartete Aktionen zeitweise oder dauerhaft einzustellen.<\/p>\n\n\n\n<p>Die personenbezogenen Daten werden nur zur internen Verwendung bei Studio Pieter Stockmans verarbeitet.<\/p>\n\n\n\n<p>Wir k\u00f6nnen Ihnen damit auch gew\u00e4hrleisten, dass personenbezogene Daten nicht an Dritte, die mit uns verbunden sind, verkauft, weitergegeben oder mitgeteilt werden. Studio Pieter Stockmans hat alle m\u00f6glichen juristischen und technischen Vorkehrungen getroffen, um unerlaubten Zugriff und unerlaubte Verwendung zu vermeiden.<\/p>\n\n\n\n<h2 class=\"wp-block-heading\">5. Wir verwenden auch Cookies!<\/h2>\n\n\n\n<p>Bei einem Besuch auf unserer Website k\u00f6nnen \u201aCookies\u2018 auf Ihrer Festplatte gespeichert werden, um die Website besser auf die Bed\u00fcrfnisse wiederkehrender Besucher abzustimmen. Nicht funktionelle Cookies helfen uns, Ihren Besuch auf der Website zu optimieren und technische Auswahlen zu speichern.<\/p>\n\n\n\n<p>Einen detaillierteren Einblick in die Art, wie wir Cookies verwenden, um Ihre personenbezogenen Daten zu erfassen und zu verarbeiten, erhalten Sie in unserer&nbsp;<a href=\"https:\/\/www.studiostockmans.com\/de\/cookie-statement\/\">Cookie-Erkl\u00e4rung<\/a>.<\/p>\n\n\n\n<p>Wenn Sie die Website von Studio Pieter Stockmans konsultieren m\u00f6chten, ist es empfehlenswert, Cookies zu aktivieren. Wenn Sie die Cookies jedoch lieber ausschalten m\u00f6chten, finden Sie die Anleitung dazu ebenfalls in unserer&nbsp;<a href=\"https:\/\/www.studiostockmans.com\/de\/cookie-statement\/\">Cookie-Erkl\u00e4rung<\/a>.<\/p>\n\n\n\n<h2 class=\"wp-block-heading\">6. Was sind meine Rechte?<\/h2>\n\n\n\n<h3 class=\"wp-block-heading\">6.1 Garantie f\u00fcr eine rechtm\u00e4\u00dfige und sichere Verarbeitung von personenbezogenen Daten<\/h3>\n\n\n\n<p>Studio Pieter Stockmans verarbeitet Ihre personenbezogenen Daten stets ehrlich und rechtm\u00e4\u00dfig. Dies beinhaltet die folgenden Garantien:<\/p>\n\n\n\n<ul class=\"wp-block-list\">\n<li>Personenbezogene Daten werden nur zu den in dieser Datenschutzerkl\u00e4rung beschriebenen und gerechtfertigten Zwecken verarbeitet.<\/li>\n\n\n\n<li>Personenbezogene Daten werden nur soweit verarbeitet, wie dies ausreichend, der Sache dienlich und nicht \u00fcberm\u00e4\u00dfig ist.<\/li>\n\n\n\n<li>Personenbezogene Daten werden nur solange aufbewahrt, wie es notwendig ist, um die in dieser Datenschutzerkl\u00e4rung beschriebenen und gerechtfertigten Zwecke umzusetzen.<\/li>\n<\/ul>\n\n\n\n<p>Die notwendigen technischen und sicherheitsrelevanten Ma\u00dfnahmen werden ergriffen, um das Risiko eines unbefugten Zugriffs auf die Verarbeitung von personenbezogenen Daten auf ein Minimum zu reduzieren. Bei einem Einbruch in die Informationssysteme wird Studio Pieter Stockmans unverz\u00fcglich alle Ma\u00dfnahmen ergreifen, um den Schaden auf ein Minimum zu begrenzen.<\/p>\n\n\n\n<h3 class=\"wp-block-heading\">6.2 Recht auf Einsichtnahme\/Korrektur\/L\u00f6schung Ihrer personenbezogenen Daten<\/h3>\n\n\n\n<p>Wenn Sie den Nachweis Ihrer Identit\u00e4t als Benutzer erbringen, sind Sie berechtigt, von Studio Pieter Stockmans Auskunft zu erhalten, wie Ihre personenbezogenen Daten verarbeitet bzw. nicht verarbeitet werden. Wenn Studio Pieter Stockmans Ihre Daten verarbeitet, sind Sie au\u00dferdem berechtigt, Einsicht in die erfassten personenbezogenen Daten zu nehmen. Wenn Sie Ihr Recht auf Einsichtnahme in Anspruch nehmen wollen, hat Studio Pieter Stockmans diesem innerhalb eines (1) Monats nach dem Eingang des Antrags Folge zu leisten. Der Antrag erfolgt per Einschreiben oder per E-Mail an&nbsp;<a href=\"mailto:info@studiostockmans.com\">info@studiostockmans.com<\/a><\/p>\n\n\n\n<p>Ungenaue oder unvollst\u00e4ndige personenbezogene Daten k\u00f6nnen jederzeit berichtigt werden. Es obliegt an erster Stelle dem Benutzer selbst, Ungenauigkeiten und Unvollst\u00e4ndigkeiten zu korrigieren. Sie k\u00f6nnen Ihr Recht auf Berichtigung aus\u00fcben, indem Sie Studio Pieter Stockmans eine erg\u00e4nzende Erkl\u00e4rung zukommen lassen. Studio Pieter Stockmans wird diesem innerhalb eines (1) Monats nach dem Eingang der erg\u00e4nzenden Erkl\u00e4rung nachkommen.<\/p>\n\n\n\n<p>Au\u00dferdem sind Sie berechtigt, Ihre personenbezogenen Daten ohne unbegr\u00fcndete Verz\u00f6gerung von uns l\u00f6schen zu lassen. Sie k\u00f6nnen einfach das Recht auf Vergessenwerden in den folgenden F\u00e4llen in Anspruch nehmen:<\/p>\n\n\n\n<ul class=\"wp-block-list\">\n<li>Wenn die personenbezogenen Daten nicht mehr f\u00fcr die Zwecke notwendig sind, f\u00fcr die sie urspr\u00fcnglich erfasst wurden.<\/li>\n\n\n\n<li>Wenn die personenbezogenen Daten auf der Basis einer erteilten Zustimmung erfasst werden und es keine andere Rechtsgrundlage f\u00fcr ihre Verarbeitung gibt.<\/li>\n\n\n\n<li>Wenn Beschwerde gegen die Verarbeitung eingelegt wurde und keine vorherrschenden zwingenden gerechtfertigten Gr\u00fcnde f\u00fcr die Verarbeitung bestehen.<\/li>\n\n\n\n<li>Wenn die personenbezogenen Daten unrechtm\u00e4\u00dfig verarbeitet werden.<\/li>\n\n\n\n<li>Wenn die personenbezogenen Daten aufgrund einer gesetzlichen Vorgabe gel\u00f6scht werden m\u00fcssen.<\/li>\n<\/ul>\n\n\n\n<p>Studio Pieter Stockmans beurteilt das Vorhandensein eines der oben genannten F\u00e4lle.<\/p>\n\n\n\n<h3 class=\"wp-block-heading\">6.3 Recht auf Einschr\u00e4nkung der\/Beschwerde gegen die Verarbeitung Ihrer personenbezogenen Daten<\/h3>\n\n\n\n<p>Der Benutzer ist berechtigt, eine Einschr\u00e4nkung der Verarbeitung seiner personenbezogenen Daten zu erwirken:<\/p>\n\n\n\n<ul class=\"wp-block-list\">\n<li>Innerhalb des Zeitraums, den Studio Pieter Stockmans braucht, um die Richtigkeit der personenbezogenen Daten zu pr\u00fcfen, im Fall einer Anfechtung.<\/li>\n\n\n\n<li>Wenn die Datenverarbeitung unrechtm\u00e4\u00dfig ist und der Benutzer versucht, statt des L\u00f6schens der personenbezogenen Daten eine Einschr\u00e4nkung der Verarbeitung zu erwirken.<\/li>\n\n\n\n<li>Wenn Studio Pieter Stockmans die personenbezogenen Daten des Benutzers zu den Verarbeitungszwecken nicht mehr braucht und der Benutzer die personenbezogenen Daten im Rahmen eines Streitfalls braucht.<\/li>\n\n\n\n<li>W\u00e4hrend der Zeit, die Studio Pieter Stockmans braucht, um das Vorhandensein der Gr\u00fcnde zum L\u00f6schen von personenbezogenen Daten zu beurteilen.<\/li>\n<\/ul>\n\n\n\n<p>Au\u00dferdem hat der Benutzer jederzeit das Recht, gegen die Verarbeitung seiner personenbezogenen Daten Beschwerde einzulegen. Studio Pieter Stockmans unterl\u00e4sst daraufhin die Verarbeitung Ihrer personenbezogenen Daten, es sei denn, Studio Pieter Stockmans kann zwingende gerechtfertigte Gr\u00fcnde f\u00fcr die Verarbeitung Ihrer personenbezogenen Daten anf\u00fchren, die schwerer wiegen als das Recht des Benutzers auf Beschwerde.<\/p>\n\n\n\n<p>Wenn der Benutzer w\u00fcnscht, von diesen Rechten Gebrauch zu machen, wird Studio Pieter Stockmans diesen innerhalb eines (1) Monats nach Empfang des Antrags Folge leisten. Der Antrag erfolgt per Einschreiben oder per E-Mail an&nbsp;<a href=\"mailto:info@studiostockmans.com\">info@studiostockmans.com<\/a>.<\/p>\n\n\n\n<h3 class=\"wp-block-heading\">6.4 Recht auf Daten\u00fcbertragbarkeit<\/h3>\n\n\n\n<p>Der Benutzer hat das Recht, die Studio Pieter Stockmans bereitgestellten personenbezogenen Daten in strukturierter, g\u00e4ngiger und maschinenlesbarer Form zu erhalten. Daneben hat der Benutzer das Recht, diese personenbezogenen Daten an einen anderen f\u00fcr die Verarbeitung Verantwortlichen zu \u00fcbertragen, wenn die Verarbeitung ausschlie\u00dflich auf der durch den Benutzer erteilten Zustimmung beruht.<\/p>\n\n\n\n<p>Wenn der Benutzer w\u00fcnscht, von diesem Recht Gebrauch zu machen, wird Studio Pieter Stockmans diesem innerhalb eines (1) Monats nach Empfang des Antrags Folge leisten. Der Antrag erfolgt per Einschreiben oder per E-Mail an&nbsp;<a href=\"mailto:info@studiostockmans.com\">info@studiostockmans.com<\/a>.<\/p>\n\n\n\n<h3 class=\"wp-block-heading\">6.5 Recht auf Zur\u00fccknahme meiner Zustimmung\/Recht, eine Klage einzureichen<\/h3>\n\n\n\n<p>Der Benutzer hat jederzeit das Recht, seine Zustimmung zur\u00fcckzunehmen. Die Zur\u00fccknahme der Zustimmung l\u00e4sst die Rechtm\u00e4\u00dfigkeit der Verarbeitung aufgrund der Zustimmung vor ihrer Zur\u00fccknahme unber\u00fchrt. Dar\u00fcber hinaus ist der Benutzer berechtigt, hinsichtlich der Verarbeitung seiner personenbezogenen Daten durch Studio Pieter Stockmans bei der belgischen Kommission zum Schutz der Privatsph\u00e4re Klage einzureichen.<\/p>\n\n\n\n<p>Wenn der Benutzer w\u00fcnscht, von diesem Recht Gebrauch zu machen, wird Studio Pieter Stockmans diesem innerhalb eines (1) Monats nach Empfang des Antrags Folge leisten. Der Antrag erfolgt per Einschreiben oder per E-Mail an&nbsp;<a href=\"mailto:info@studiostockmans.com\">info@studiostockmans.com<\/a>.<\/p>\n","protected":false},"excerpt":{"rendered":"1. Warum diese Datenschutzerkl\u00e4rung? Studio Pieter Stockmans legt gro\u00dfen Wert auf den Schutz Ihrer Privatsph\u00e4re und Ihrer personenbezogenen Daten. Wir verwenden Ihre personenbezogenen Daten ausschlie\u00dflich in \u00dcbereinstimmung mit dem Datenschutzrecht und anderen relevanten geltenden gesetzlichen Vorgaben. In dieser Datenschutzerkl\u00e4rung ist jeder Hinweis auf das Datenschutzrecht ein Hinweis auf das Gesetz vom 8. Dezember 1992 \u00fcber [&hellip;]\n","protected":false},"author":1,"featured_media":0,"parent":23030,"menu_order":0,"comment_status":"closed","ping_status":"closed","template":"page-templates\/template-policy.php","meta":{"_acf_changed":false,"footnotes":""},"class_list":["post-17413","page","type-page","status-publish","hentry"],"acf":[],"yoast_head":"<!-- This site is optimized with the Yoast SEO plugin v27.0 - https:\/\/yoast.com\/product\/yoast-seo-wordpress\/ -->\n<title>Datenschutzerkl\u00c3\u00a4rung | Studio Pieter Stockmans<\/title>\n<meta name=\"description\" content=\"Wie Studio Pieter Stockmans Ihre pers\u00c3\u00b6nlichen Daten sammelt, verwendet und sch\u00c3\u00bctzt. Lesen Sie unsere vollst\u00c3\u00a4ndige Datenschutzerkl\u00c3\u00a4rung.\" \/>\n<meta name=\"robots\" content=\"index, follow, max-snippet:-1, max-image-preview:large, max-video-preview:-1\" \/>\n<link rel=\"canonical\" href=\"https:\/\/studiostockmans.com\/de\/info\/datenschutz\/\" \/>\n<meta property=\"og:locale\" content=\"de_DE\" \/>\n<meta property=\"og:type\" content=\"article\" \/>\n<meta property=\"og:title\" content=\"Datenschutzerkl\u00c3\u00a4rung | Studio Pieter Stockmans\" \/>\n<meta property=\"og:description\" content=\"Wie Studio Pieter Stockmans Ihre pers\u00c3\u00b6nlichen Daten sammelt, verwendet und sch\u00c3\u00bctzt. Lesen Sie unsere vollst\u00c3\u00a4ndige Datenschutzerkl\u00c3\u00a4rung.\" \/>\n<meta property=\"og:url\" content=\"https:\/\/studiostockmans.com\/de\/info\/datenschutz\/\" \/>\n<meta property=\"og:site_name\" content=\"Studio Pieter Stockmans\" \/>\n<meta property=\"article:modified_time\" content=\"2025-05-30T12:54:28+00:00\" \/>\n<meta property=\"og:image\" content=\"https:\/\/studiostockmans.com\/wp-content\/uploads\/2026\/02\/stockmans-opengraph.png\" \/>\n\t<meta property=\"og:image:width\" content=\"1200\" \/>\n\t<meta property=\"og:image:height\" content=\"675\" \/>\n\t<meta property=\"og:image:type\" content=\"image\/png\" \/>\n<meta name=\"twitter:card\" content=\"summary_large_image\" \/>\n<meta name=\"twitter:label1\" content=\"Gesch\u00e4tzte Lesezeit\" \/>\n\t<meta name=\"twitter:data1\" content=\"8\u00a0Minuten\" \/>\n<script type=\"application\/ld+json\" class=\"yoast-schema-graph\">{\"@context\":\"https:\/\/schema.org\",\"@graph\":[{\"@type\":\"WebPage\",\"@id\":\"https:\/\/studiostockmans.com\/de\/info\/datenschutz\/\",\"url\":\"https:\/\/studiostockmans.com\/de\/info\/datenschutz\/\",\"name\":\"Datenschutzerkl\u00c3\u00a4rung | Studio Pieter Stockmans\",\"isPartOf\":{\"@id\":\"https:\/\/studiostockmans.com\/de\/#website\"},\"datePublished\":\"2025-01-15T14:19:08+00:00\",\"dateModified\":\"2025-05-30T12:54:28+00:00\",\"description\":\"Wie Studio Pieter Stockmans Ihre pers\u00c3\u00b6nlichen Daten sammelt, verwendet und sch\u00c3\u00bctzt. Lesen Sie unsere vollst\u00c3\u00a4ndige Datenschutzerkl\u00c3\u00a4rung.\",\"breadcrumb\":{\"@id\":\"https:\/\/studiostockmans.com\/de\/info\/datenschutz\/#breadcrumb\"},\"inLanguage\":\"de\",\"potentialAction\":[{\"@type\":\"ReadAction\",\"target\":[\"https:\/\/studiostockmans.com\/de\/info\/datenschutz\/\"]}]},{\"@type\":\"BreadcrumbList\",\"@id\":\"https:\/\/studiostockmans.com\/de\/info\/datenschutz\/#breadcrumb\",\"itemListElement\":[{\"@type\":\"ListItem\",\"position\":1,\"name\":\"Home\",\"item\":\"https:\/\/studiostockmans.com\/de\/\"},{\"@type\":\"ListItem\",\"position\":2,\"name\":\"Datenschutzerkl\u00e4rung\"}]},{\"@type\":\"WebSite\",\"@id\":\"https:\/\/studiostockmans.com\/de\/#website\",\"url\":\"https:\/\/studiostockmans.com\/de\/\",\"name\":\"Studio Pieter Stockmans\",\"description\":\"Belgian Hard-Paste Porcelain\",\"alternateName\":\"Studio Stockmans\",\"potentialAction\":[{\"@type\":\"SearchAction\",\"target\":{\"@type\":\"EntryPoint\",\"urlTemplate\":\"https:\/\/studiostockmans.com\/de\/?s={search_term_string}\"},\"query-input\":{\"@type\":\"PropertyValueSpecification\",\"valueRequired\":true,\"valueName\":\"search_term_string\"}}],\"inLanguage\":\"de\"}]}<\/script>\n<!-- \/ Yoast SEO plugin. -->","yoast_head_json":{"title":"Datenschutzerkl\u00c3\u00a4rung | Studio Pieter Stockmans","description":"Wie Studio Pieter Stockmans Ihre pers\u00c3\u00b6nlichen Daten sammelt, verwendet und sch\u00c3\u00bctzt. Lesen Sie unsere vollst\u00c3\u00a4ndige Datenschutzerkl\u00c3\u00a4rung.","robots":{"index":"index","follow":"follow","max-snippet":"max-snippet:-1","max-image-preview":"max-image-preview:large","max-video-preview":"max-video-preview:-1"},"canonical":"https:\/\/studiostockmans.com\/de\/info\/datenschutz\/","og_locale":"de_DE","og_type":"article","og_title":"Datenschutzerkl\u00c3\u00a4rung | Studio Pieter Stockmans","og_description":"Wie Studio Pieter Stockmans Ihre pers\u00c3\u00b6nlichen Daten sammelt, verwendet und sch\u00c3\u00bctzt. Lesen Sie unsere vollst\u00c3\u00a4ndige Datenschutzerkl\u00c3\u00a4rung.","og_url":"https:\/\/studiostockmans.com\/de\/info\/datenschutz\/","og_site_name":"Studio Pieter Stockmans","article_modified_time":"2025-05-30T12:54:28+00:00","og_image":[{"width":1200,"height":675,"url":"https:\/\/studiostockmans.com\/wp-content\/uploads\/2026\/02\/stockmans-opengraph.png","type":"image\/png"}],"twitter_card":"summary_large_image","twitter_misc":{"Gesch\u00e4tzte Lesezeit":"8\u00a0Minuten"},"schema":{"@context":"https:\/\/schema.org","@graph":[{"@type":"WebPage","@id":"https:\/\/studiostockmans.com\/de\/info\/datenschutz\/","url":"https:\/\/studiostockmans.com\/de\/info\/datenschutz\/","name":"Datenschutzerkl\u00c3\u00a4rung | Studio Pieter Stockmans","isPartOf":{"@id":"https:\/\/studiostockmans.com\/de\/#website"},"datePublished":"2025-01-15T14:19:08+00:00","dateModified":"2025-05-30T12:54:28+00:00","description":"Wie Studio Pieter Stockmans Ihre pers\u00c3\u00b6nlichen Daten sammelt, verwendet und sch\u00c3\u00bctzt. Lesen Sie unsere vollst\u00c3\u00a4ndige Datenschutzerkl\u00c3\u00a4rung.","breadcrumb":{"@id":"https:\/\/studiostockmans.com\/de\/info\/datenschutz\/#breadcrumb"},"inLanguage":"de","potentialAction":[{"@type":"ReadAction","target":["https:\/\/studiostockmans.com\/de\/info\/datenschutz\/"]}]},{"@type":"BreadcrumbList","@id":"https:\/\/studiostockmans.com\/de\/info\/datenschutz\/#breadcrumb","itemListElement":[{"@type":"ListItem","position":1,"name":"Home","item":"https:\/\/studiostockmans.com\/de\/"},{"@type":"ListItem","position":2,"name":"Datenschutzerkl\u00e4rung"}]},{"@type":"WebSite","@id":"https:\/\/studiostockmans.com\/de\/#website","url":"https:\/\/studiostockmans.com\/de\/","name":"Studio Pieter Stockmans","description":"Belgian Hard-Paste Porcelain","alternateName":"Studio Stockmans","potentialAction":[{"@type":"SearchAction","target":{"@type":"EntryPoint","urlTemplate":"https:\/\/studiostockmans.com\/de\/?s={search_term_string}"},"query-input":{"@type":"PropertyValueSpecification","valueRequired":true,"valueName":"search_term_string"}}],"inLanguage":"de"}]}},"_links":{"self":[{"href":"https:\/\/studiostockmans.com\/de\/wp-json\/wp\/v2\/pages\/17413","targetHints":{"allow":["GET"]}}],"collection":[{"href":"https:\/\/studiostockmans.com\/de\/wp-json\/wp\/v2\/pages"}],"about":[{"href":"https:\/\/studiostockmans.com\/de\/wp-json\/wp\/v2\/types\/page"}],"author":[{"embeddable":true,"href":"https:\/\/studiostockmans.com\/de\/wp-json\/wp\/v2\/users\/1"}],"replies":[{"embeddable":true,"href":"https:\/\/studiostockmans.com\/de\/wp-json\/wp\/v2\/comments?post=17413"}],"version-history":[{"count":2,"href":"https:\/\/studiostockmans.com\/de\/wp-json\/wp\/v2\/pages\/17413\/revisions"}],"predecessor-version":[{"id":17895,"href":"https:\/\/studiostockmans.com\/de\/wp-json\/wp\/v2\/pages\/17413\/revisions\/17895"}],"up":[{"embeddable":true,"href":"https:\/\/studiostockmans.com\/de\/wp-json\/wp\/v2\/pages\/23030"}],"wp:attachment":[{"href":"https:\/\/studiostockmans.com\/de\/wp-json\/wp\/v2\/media?parent=17413"}],"curies":[{"name":"wp","href":"https:\/\/api.w.org\/{rel}","templated":true}]}}