{"id":23033,"date":"2025-01-15T15:20:24","date_gmt":"2025-01-15T14:20:24","guid":{"rendered":"https:\/\/studiostockmans.com\/info\/bestellen-leveren\/"},"modified":"2025-09-18T15:08:09","modified_gmt":"2025-09-18T13:08:09","slug":"bestellen-liefern","status":"publish","type":"page","link":"https:\/\/studiostockmans.com\/de\/info\/bestellen-liefern\/","title":{"rendered":"Bestellen &#038; liefern"},"content":{"rendered":"\n<h2 class=\"wp-block-heading\">Algemeine Informationen<\/h2>\n\n\n\n<p>Bei Studio Pieter Stockmans verpacken wir unsere handgefertigten Artikel mit gr\u00f6\u00dfter Sorgfalt.<br>F\u00fcr den Versand aller Bestellungen beauftragen wir spezialisierte Transportunternehmen.<br>Die Bestellungen werden an die vom Kunden bei der Bestellung angegebene Lieferadresse gesendet.<br>Lieferungen erfolgen von Montag bis Freitag w\u00e4hrend der Gesch\u00e4ftszeiten.<br>Sobald Ihre Bestellung versandbereit ist, erhalten Sie per E-Mail eine Sendungsverfolgungsnummer.<br>Alle Bestellungen k\u00f6nnen auch im Gesch\u00e4ft abgeholt werden.<\/p>\n\n\n\n<h2 class=\"wp-block-heading\">Versandgebiete &amp; Kosten<\/h2>\n\n\n\n<p>Nachfolgend finden Sie eine \u00dcbersicht der Versandgebiete und -kosten.<br>Die Versandkosten werden bei jeder Bestellung w\u00e4hrend des Bestellvorgangs mitgeteilt.<br>Die angegebenen Lieferzeiten sind Sch\u00e4tzungen und gelten nur f\u00fcr Lagerartikel.<br>F\u00fcr alle nicht aufgef\u00fchrten L\u00e4nder kontaktieren Sie uns bitte unter: <a href=\"mailto:admin@pietstockmans.com\">admin@pietstockmans.com<\/a><\/p>\n","protected":false},"excerpt":{"rendered":"Algemeine Informationen Bei Studio Pieter Stockmans verpacken wir unsere handgefertigten Artikel mit gr\u00f6\u00dfter Sorgfalt.F\u00fcr den Versand aller Bestellungen beauftragen wir spezialisierte Transportunternehmen.Die Bestellungen werden an die vom Kunden bei der Bestellung angegebene Lieferadresse gesendet.Lieferungen erfolgen von Montag bis Freitag w\u00e4hrend der Gesch\u00e4ftszeiten.Sobald Ihre Bestellung versandbereit ist, erhalten Sie per E-Mail eine Sendungsverfolgungsnummer.Alle Bestellungen k\u00f6nnen auch [&hellip;]\n","protected":false},"author":1,"featured_media":0,"parent":23030,"menu_order":0,"comment_status":"closed","ping_status":"closed","template":"page-templates\/template-policy.php","meta":{"_acf_changed":false,"footnotes":""},"class_list":["post-23033","page","type-page","status-publish","hentry"],"acf":[],"yoast_head":"<!-- This site is optimized with the Yoast SEO plugin v27.0 - https:\/\/yoast.com\/product\/yoast-seo-wordpress\/ -->\n<title>Bestellen &amp; Liefern | Studio Pieter Stockmans<\/title>\n<meta name=\"description\" content=\"Versandkosten, Lieferzeiten und R\u00c3\u00bcckgaberecht f\u00c3\u00bcr Studio Pieter Stockmans Porzellan. Weltweiter Versand aus Genk, Belgien.\" \/>\n<meta name=\"robots\" content=\"index, follow, max-snippet:-1, max-image-preview:large, max-video-preview:-1\" \/>\n<link rel=\"canonical\" href=\"https:\/\/studiostockmans.com\/de\/info\/bestellen-liefern\/\" \/>\n<meta property=\"og:locale\" content=\"de_DE\" \/>\n<meta property=\"og:type\" content=\"article\" \/>\n<meta property=\"og:title\" content=\"Bestellen &amp; Liefern | Studio Pieter Stockmans\" \/>\n<meta property=\"og:description\" content=\"Versandkosten, Lieferzeiten und R\u00c3\u00bcckgaberecht f\u00c3\u00bcr Studio Pieter Stockmans Porzellan. Weltweiter Versand aus Genk, Belgien.\" \/>\n<meta property=\"og:url\" content=\"https:\/\/studiostockmans.com\/de\/info\/bestellen-liefern\/\" \/>\n<meta property=\"og:site_name\" content=\"Studio Pieter Stockmans\" \/>\n<meta property=\"article:modified_time\" content=\"2025-09-18T13:08:09+00:00\" \/>\n<meta property=\"og:image\" content=\"https:\/\/studiostockmans.com\/wp-content\/uploads\/2026\/02\/stockmans-opengraph.png\" \/>\n\t<meta property=\"og:image:width\" content=\"1200\" \/>\n\t<meta property=\"og:image:height\" content=\"675\" \/>\n\t<meta property=\"og:image:type\" content=\"image\/png\" \/>\n<meta name=\"twitter:card\" content=\"summary_large_image\" \/>\n<meta name=\"twitter:label1\" content=\"Gesch\u00e4tzte Lesezeit\" \/>\n\t<meta name=\"twitter:data1\" content=\"1\u00a0Minute\" \/>\n<script type=\"application\/ld+json\" class=\"yoast-schema-graph\">{\"@context\":\"https:\/\/schema.org\",\"@graph\":[{\"@type\":\"WebPage\",\"@id\":\"https:\/\/studiostockmans.com\/de\/info\/bestellen-liefern\/\",\"url\":\"https:\/\/studiostockmans.com\/de\/info\/bestellen-liefern\/\",\"name\":\"Bestellen & Liefern | Studio Pieter Stockmans\",\"isPartOf\":{\"@id\":\"https:\/\/studiostockmans.com\/de\/#website\"},\"datePublished\":\"2025-01-15T14:20:24+00:00\",\"dateModified\":\"2025-09-18T13:08:09+00:00\",\"description\":\"Versandkosten, Lieferzeiten und R\u00c3\u00bcckgaberecht f\u00c3\u00bcr Studio Pieter Stockmans Porzellan. Weltweiter Versand aus Genk, Belgien.\",\"breadcrumb\":{\"@id\":\"https:\/\/studiostockmans.com\/de\/info\/bestellen-liefern\/#breadcrumb\"},\"inLanguage\":\"de\",\"potentialAction\":[{\"@type\":\"ReadAction\",\"target\":[\"https:\/\/studiostockmans.com\/de\/info\/bestellen-liefern\/\"]}]},{\"@type\":\"BreadcrumbList\",\"@id\":\"https:\/\/studiostockmans.com\/de\/info\/bestellen-liefern\/#breadcrumb\",\"itemListElement\":[{\"@type\":\"ListItem\",\"position\":1,\"name\":\"Home\",\"item\":\"https:\/\/studiostockmans.com\/de\/\"},{\"@type\":\"ListItem\",\"position\":2,\"name\":\"Info\",\"item\":\"https:\/\/studiostockmans.com\/de\/info\/\"},{\"@type\":\"ListItem\",\"position\":3,\"name\":\"Bestellen &#038; liefern\"}]},{\"@type\":\"WebSite\",\"@id\":\"https:\/\/studiostockmans.com\/de\/#website\",\"url\":\"https:\/\/studiostockmans.com\/de\/\",\"name\":\"Studio Pieter Stockmans\",\"description\":\"Belgian Hard-Paste Porcelain\",\"alternateName\":\"Studio Stockmans\",\"potentialAction\":[{\"@type\":\"SearchAction\",\"target\":{\"@type\":\"EntryPoint\",\"urlTemplate\":\"https:\/\/studiostockmans.com\/de\/?s={search_term_string}\"},\"query-input\":{\"@type\":\"PropertyValueSpecification\",\"valueRequired\":true,\"valueName\":\"search_term_string\"}}],\"inLanguage\":\"de\"}]}<\/script>\n<!-- \/ Yoast SEO plugin. -->","yoast_head_json":{"title":"Bestellen & Liefern | Studio Pieter Stockmans","description":"Versandkosten, Lieferzeiten und R\u00c3\u00bcckgaberecht f\u00c3\u00bcr Studio Pieter Stockmans Porzellan. Weltweiter Versand aus Genk, Belgien.","robots":{"index":"index","follow":"follow","max-snippet":"max-snippet:-1","max-image-preview":"max-image-preview:large","max-video-preview":"max-video-preview:-1"},"canonical":"https:\/\/studiostockmans.com\/de\/info\/bestellen-liefern\/","og_locale":"de_DE","og_type":"article","og_title":"Bestellen & Liefern | Studio Pieter Stockmans","og_description":"Versandkosten, Lieferzeiten und R\u00c3\u00bcckgaberecht f\u00c3\u00bcr Studio Pieter Stockmans Porzellan. Weltweiter Versand aus Genk, Belgien.","og_url":"https:\/\/studiostockmans.com\/de\/info\/bestellen-liefern\/","og_site_name":"Studio Pieter Stockmans","article_modified_time":"2025-09-18T13:08:09+00:00","og_image":[{"width":1200,"height":675,"url":"https:\/\/studiostockmans.com\/wp-content\/uploads\/2026\/02\/stockmans-opengraph.png","type":"image\/png"}],"twitter_card":"summary_large_image","twitter_misc":{"Gesch\u00e4tzte Lesezeit":"1\u00a0Minute"},"schema":{"@context":"https:\/\/schema.org","@graph":[{"@type":"WebPage","@id":"https:\/\/studiostockmans.com\/de\/info\/bestellen-liefern\/","url":"https:\/\/studiostockmans.com\/de\/info\/bestellen-liefern\/","name":"Bestellen & Liefern | Studio Pieter Stockmans","isPartOf":{"@id":"https:\/\/studiostockmans.com\/de\/#website"},"datePublished":"2025-01-15T14:20:24+00:00","dateModified":"2025-09-18T13:08:09+00:00","description":"Versandkosten, Lieferzeiten und R\u00c3\u00bcckgaberecht f\u00c3\u00bcr Studio Pieter Stockmans Porzellan. Weltweiter Versand aus Genk, Belgien.","breadcrumb":{"@id":"https:\/\/studiostockmans.com\/de\/info\/bestellen-liefern\/#breadcrumb"},"inLanguage":"de","potentialAction":[{"@type":"ReadAction","target":["https:\/\/studiostockmans.com\/de\/info\/bestellen-liefern\/"]}]},{"@type":"BreadcrumbList","@id":"https:\/\/studiostockmans.com\/de\/info\/bestellen-liefern\/#breadcrumb","itemListElement":[{"@type":"ListItem","position":1,"name":"Home","item":"https:\/\/studiostockmans.com\/de\/"},{"@type":"ListItem","position":2,"name":"Info","item":"https:\/\/studiostockmans.com\/de\/info\/"},{"@type":"ListItem","position":3,"name":"Bestellen &#038; liefern"}]},{"@type":"WebSite","@id":"https:\/\/studiostockmans.com\/de\/#website","url":"https:\/\/studiostockmans.com\/de\/","name":"Studio Pieter Stockmans","description":"Belgian Hard-Paste Porcelain","alternateName":"Studio Stockmans","potentialAction":[{"@type":"SearchAction","target":{"@type":"EntryPoint","urlTemplate":"https:\/\/studiostockmans.com\/de\/?s={search_term_string}"},"query-input":{"@type":"PropertyValueSpecification","valueRequired":true,"valueName":"search_term_string"}}],"inLanguage":"de"}]}},"_links":{"self":[{"href":"https:\/\/studiostockmans.com\/de\/wp-json\/wp\/v2\/pages\/23033","targetHints":{"allow":["GET"]}}],"collection":[{"href":"https:\/\/studiostockmans.com\/de\/wp-json\/wp\/v2\/pages"}],"about":[{"href":"https:\/\/studiostockmans.com\/de\/wp-json\/wp\/v2\/types\/page"}],"author":[{"embeddable":true,"href":"https:\/\/studiostockmans.com\/de\/wp-json\/wp\/v2\/users\/1"}],"replies":[{"embeddable":true,"href":"https:\/\/studiostockmans.com\/de\/wp-json\/wp\/v2\/comments?post=23033"}],"version-history":[{"count":4,"href":"https:\/\/studiostockmans.com\/de\/wp-json\/wp\/v2\/pages\/23033\/revisions"}],"predecessor-version":[{"id":59571,"href":"https:\/\/studiostockmans.com\/de\/wp-json\/wp\/v2\/pages\/23033\/revisions\/59571"}],"up":[{"embeddable":true,"href":"https:\/\/studiostockmans.com\/de\/wp-json\/wp\/v2\/pages\/23030"}],"wp:attachment":[{"href":"https:\/\/studiostockmans.com\/de\/wp-json\/wp\/v2\/media?parent=23033"}],"curies":[{"name":"wp","href":"https:\/\/api.w.org\/{rel}","templated":true}]}}