{"id":120604,"date":"2026-02-24T15:34:43","date_gmt":"2026-02-24T14:34:43","guid":{"rendered":"https:\/\/studiostockmans.com\/b2b\/"},"modified":"2026-03-26T11:12:23","modified_gmt":"2026-03-26T10:12:23","slug":"b2b-fr","status":"publish","type":"page","link":"https:\/\/studiostockmans.com\/fr\/b2b-fr\/","title":{"rendered":"B2B"},"content":{"rendered":"","protected":false},"excerpt":{"rendered":"","protected":false},"author":21,"featured_media":0,"parent":0,"menu_order":0,"comment_status":"closed","ping_status":"closed","template":"page-templates\/template-visit-us-subpage.php","meta":{"_acf_changed":false,"footnotes":""},"class_list":["post-120604","page","type-page","status-publish","hentry"],"acf":[],"yoast_head":"<!-- This site is optimized with the Yoast SEO plugin v27.0 - https:\/\/yoast.com\/product\/yoast-seo-wordpress\/ -->\n<title>B2B | Studio Pieter Stockmans<\/title>\n<meta name=\"description\" content=\"Cadeaux d\u2019affaires exclusifs en porcelaine, des attentions raffin\u00e9es aux cr\u00e9ations uniques. Enti\u00e8rement personnalisables selon votre identit\u00e9 visuelle et chaque occasion.\" \/>\n<meta name=\"robots\" content=\"index, follow, max-snippet:-1, max-image-preview:large, max-video-preview:-1\" \/>\n<link rel=\"canonical\" href=\"https:\/\/studiostockmans.com\/fr\/b2b-fr\/\" \/>\n<meta property=\"og:locale\" content=\"fr_FR\" \/>\n<meta property=\"og:type\" content=\"article\" \/>\n<meta property=\"og:title\" content=\"B2B | Studio Pieter Stockmans\" \/>\n<meta property=\"og:description\" content=\"Cadeaux d\u2019affaires exclusifs en porcelaine, des attentions raffin\u00e9es aux cr\u00e9ations uniques. Enti\u00e8rement personnalisables selon votre identit\u00e9 visuelle et chaque occasion.\" \/>\n<meta property=\"og:url\" content=\"https:\/\/studiostockmans.com\/fr\/b2b-fr\/\" \/>\n<meta property=\"og:site_name\" content=\"Studio Pieter Stockmans\" \/>\n<meta property=\"article:modified_time\" content=\"2026-03-26T10:12:23+00:00\" \/>\n<meta property=\"og:image\" content=\"https:\/\/studiostockmans.com\/wp-content\/uploads\/2026\/02\/stockmans-opengraph.png\" \/>\n\t<meta property=\"og:image:width\" content=\"1200\" \/>\n\t<meta property=\"og:image:height\" content=\"675\" \/>\n\t<meta property=\"og:image:type\" content=\"image\/png\" \/>\n<meta name=\"twitter:card\" content=\"summary_large_image\" \/>\n<script type=\"application\/ld+json\" class=\"yoast-schema-graph\">{\"@context\":\"https:\/\/schema.org\",\"@graph\":[{\"@type\":\"WebPage\",\"@id\":\"https:\/\/studiostockmans.com\/fr\/b2b-fr\/\",\"url\":\"https:\/\/studiostockmans.com\/fr\/b2b-fr\/\",\"name\":\"B2B | Studio Pieter Stockmans\",\"isPartOf\":{\"@id\":\"https:\/\/studiostockmans.com\/fr\/#website\"},\"datePublished\":\"2026-02-24T14:34:43+00:00\",\"dateModified\":\"2026-03-26T10:12:23+00:00\",\"description\":\"Cadeaux d\u2019affaires exclusifs en porcelaine, des attentions raffin\u00e9es aux cr\u00e9ations uniques. Enti\u00e8rement personnalisables selon votre identit\u00e9 visuelle et chaque occasion.\",\"breadcrumb\":{\"@id\":\"https:\/\/studiostockmans.com\/fr\/b2b-fr\/#breadcrumb\"},\"inLanguage\":\"fr-BE\",\"potentialAction\":[{\"@type\":\"ReadAction\",\"target\":[\"https:\/\/studiostockmans.com\/fr\/b2b-fr\/\"]}]},{\"@type\":\"BreadcrumbList\",\"@id\":\"https:\/\/studiostockmans.com\/fr\/b2b-fr\/#breadcrumb\",\"itemListElement\":[{\"@type\":\"ListItem\",\"position\":1,\"name\":\"Home\",\"item\":\"https:\/\/studiostockmans.com\/fr\/\"},{\"@type\":\"ListItem\",\"position\":2,\"name\":\"B2B\"}]},{\"@type\":\"WebSite\",\"@id\":\"https:\/\/studiostockmans.com\/fr\/#website\",\"url\":\"https:\/\/studiostockmans.com\/fr\/\",\"name\":\"Studio Pieter Stockmans\",\"description\":\"Belgian Hard-Paste Porcelain\",\"alternateName\":\"Studio Stockmans\",\"potentialAction\":[{\"@type\":\"SearchAction\",\"target\":{\"@type\":\"EntryPoint\",\"urlTemplate\":\"https:\/\/studiostockmans.com\/fr\/?s={search_term_string}\"},\"query-input\":{\"@type\":\"PropertyValueSpecification\",\"valueRequired\":true,\"valueName\":\"search_term_string\"}}],\"inLanguage\":\"fr-BE\"}]}<\/script>\n<!-- \/ Yoast SEO plugin. -->","yoast_head_json":{"title":"B2B | Studio Pieter Stockmans","description":"Cadeaux d\u2019affaires exclusifs en porcelaine, des attentions raffin\u00e9es aux cr\u00e9ations uniques. Enti\u00e8rement personnalisables selon votre identit\u00e9 visuelle et chaque occasion.","robots":{"index":"index","follow":"follow","max-snippet":"max-snippet:-1","max-image-preview":"max-image-preview:large","max-video-preview":"max-video-preview:-1"},"canonical":"https:\/\/studiostockmans.com\/fr\/b2b-fr\/","og_locale":"fr_FR","og_type":"article","og_title":"B2B | Studio Pieter Stockmans","og_description":"Cadeaux d\u2019affaires exclusifs en porcelaine, des attentions raffin\u00e9es aux cr\u00e9ations uniques. Enti\u00e8rement personnalisables selon votre identit\u00e9 visuelle et chaque occasion.","og_url":"https:\/\/studiostockmans.com\/fr\/b2b-fr\/","og_site_name":"Studio Pieter Stockmans","article_modified_time":"2026-03-26T10:12:23+00:00","og_image":[{"width":1200,"height":675,"url":"https:\/\/studiostockmans.com\/wp-content\/uploads\/2026\/02\/stockmans-opengraph.png","type":"image\/png"}],"twitter_card":"summary_large_image","schema":{"@context":"https:\/\/schema.org","@graph":[{"@type":"WebPage","@id":"https:\/\/studiostockmans.com\/fr\/b2b-fr\/","url":"https:\/\/studiostockmans.com\/fr\/b2b-fr\/","name":"B2B | Studio Pieter Stockmans","isPartOf":{"@id":"https:\/\/studiostockmans.com\/fr\/#website"},"datePublished":"2026-02-24T14:34:43+00:00","dateModified":"2026-03-26T10:12:23+00:00","description":"Cadeaux d\u2019affaires exclusifs en porcelaine, des attentions raffin\u00e9es aux cr\u00e9ations uniques. Enti\u00e8rement personnalisables selon votre identit\u00e9 visuelle et chaque occasion.","breadcrumb":{"@id":"https:\/\/studiostockmans.com\/fr\/b2b-fr\/#breadcrumb"},"inLanguage":"fr-BE","potentialAction":[{"@type":"ReadAction","target":["https:\/\/studiostockmans.com\/fr\/b2b-fr\/"]}]},{"@type":"BreadcrumbList","@id":"https:\/\/studiostockmans.com\/fr\/b2b-fr\/#breadcrumb","itemListElement":[{"@type":"ListItem","position":1,"name":"Home","item":"https:\/\/studiostockmans.com\/fr\/"},{"@type":"ListItem","position":2,"name":"B2B"}]},{"@type":"WebSite","@id":"https:\/\/studiostockmans.com\/fr\/#website","url":"https:\/\/studiostockmans.com\/fr\/","name":"Studio Pieter Stockmans","description":"Belgian Hard-Paste Porcelain","alternateName":"Studio Stockmans","potentialAction":[{"@type":"SearchAction","target":{"@type":"EntryPoint","urlTemplate":"https:\/\/studiostockmans.com\/fr\/?s={search_term_string}"},"query-input":{"@type":"PropertyValueSpecification","valueRequired":true,"valueName":"search_term_string"}}],"inLanguage":"fr-BE"}]}},"_links":{"self":[{"href":"https:\/\/studiostockmans.com\/fr\/wp-json\/wp\/v2\/pages\/120604","targetHints":{"allow":["GET"]}}],"collection":[{"href":"https:\/\/studiostockmans.com\/fr\/wp-json\/wp\/v2\/pages"}],"about":[{"href":"https:\/\/studiostockmans.com\/fr\/wp-json\/wp\/v2\/types\/page"}],"author":[{"embeddable":true,"href":"https:\/\/studiostockmans.com\/fr\/wp-json\/wp\/v2\/users\/21"}],"replies":[{"embeddable":true,"href":"https:\/\/studiostockmans.com\/fr\/wp-json\/wp\/v2\/comments?post=120604"}],"version-history":[{"count":2,"href":"https:\/\/studiostockmans.com\/fr\/wp-json\/wp\/v2\/pages\/120604\/revisions"}],"predecessor-version":[{"id":121278,"href":"https:\/\/studiostockmans.com\/fr\/wp-json\/wp\/v2\/pages\/120604\/revisions\/121278"}],"wp:attachment":[{"href":"https:\/\/studiostockmans.com\/fr\/wp-json\/wp\/v2\/media?parent=120604"}],"curies":[{"name":"wp","href":"https:\/\/api.w.org\/{rel}","templated":true}]}}