{"id":121689,"date":"2026-04-14T12:27:53","date_gmt":"2026-04-14T10:27:53","guid":{"rendered":"https:\/\/studiostockmans.com\/expo-blue-heaven\/"},"modified":"2026-04-15T17:02:54","modified_gmt":"2026-04-15T15:02:54","slug":"expo-stockmanszwart","status":"publish","type":"page","link":"https:\/\/studiostockmans.com\/fr\/visitez-nous\/expo-stockmanszwart\/","title":{"rendered":"Expo &#8211; Stockmanszwart"},"content":{"rendered":"","protected":false},"excerpt":{"rendered":"","protected":false},"author":21,"featured_media":121697,"parent":23169,"menu_order":0,"comment_status":"closed","ping_status":"closed","template":"page-templates\/template-visit-us-subpage.php","meta":{"_acf_changed":false,"footnotes":""},"class_list":["post-121689","page","type-page","status-publish","has-post-thumbnail","hentry"],"acf":[],"yoast_head":"<!-- This site is optimized with the Yoast SEO plugin v27.0 - https:\/\/yoast.com\/product\/yoast-seo-wordpress\/ -->\n<title>Expo Stockmanszwart | Studio Pieter Stockmans<\/title>\n<meta name=\"description\" content=\"Visitez l\u2019exposition Stockmanszwart \u00e0 partir de fin mai dans notre studio, o\u00f9 Piet Stockmans pr\u00e9sente pour la premi\u00e8re fois une c\u00e9ramique noire n\u00e9e de la perte de sa femme et de son cancer avanc\u00e9.\" \/>\n<meta name=\"robots\" content=\"index, follow, max-snippet:-1, max-image-preview:large, max-video-preview:-1\" \/>\n<link rel=\"canonical\" href=\"https:\/\/studiostockmans.com\/fr\/visitez-nous\/expo-stockmanszwart\/\" \/>\n<meta property=\"og:locale\" content=\"fr_FR\" \/>\n<meta property=\"og:type\" content=\"article\" \/>\n<meta property=\"og:title\" content=\"Expo Stockmanszwart | Studio Pieter Stockmans\" \/>\n<meta property=\"og:description\" content=\"Visitez l\u2019exposition Stockmanszwart \u00e0 partir de fin mai dans notre studio, o\u00f9 Piet Stockmans pr\u00e9sente pour la premi\u00e8re fois une c\u00e9ramique noire n\u00e9e de la perte de sa femme et de son cancer avanc\u00e9.\" \/>\n<meta property=\"og:url\" content=\"https:\/\/studiostockmans.com\/fr\/visitez-nous\/expo-stockmanszwart\/\" \/>\n<meta property=\"og:site_name\" content=\"Studio Pieter Stockmans\" \/>\n<meta property=\"article:modified_time\" content=\"2026-04-15T15:02:54+00:00\" \/>\n<meta property=\"og:image\" content=\"https:\/\/studiostockmans.com\/wp-content\/uploads\/2026\/04\/2020_Piet-Stockmans_4_vierkant_pers.jpg\" \/>\n\t<meta property=\"og:image:width\" content=\"1181\" \/>\n\t<meta property=\"og:image:height\" content=\"1181\" \/>\n\t<meta property=\"og:image:type\" content=\"image\/jpeg\" \/>\n<meta name=\"twitter:card\" content=\"summary_large_image\" \/>\n<meta name=\"twitter:label1\" content=\"Dur\u00e9e de lecture est.\" \/>\n\t<meta name=\"twitter:data1\" content=\"1 minute\" \/>\n<script type=\"application\/ld+json\" class=\"yoast-schema-graph\">{\"@context\":\"https:\/\/schema.org\",\"@graph\":[{\"@type\":\"WebPage\",\"@id\":\"https:\/\/studiostockmans.com\/fr\/visitez-nous\/expo-stockmanszwart\/\",\"url\":\"https:\/\/studiostockmans.com\/fr\/visitez-nous\/expo-stockmanszwart\/\",\"name\":\"Expo Stockmanszwart | Studio Pieter Stockmans\",\"isPartOf\":{\"@id\":\"https:\/\/studiostockmans.com\/fr\/#website\"},\"primaryImageOfPage\":{\"@id\":\"https:\/\/studiostockmans.com\/fr\/visitez-nous\/expo-stockmanszwart\/#primaryimage\"},\"image\":{\"@id\":\"https:\/\/studiostockmans.com\/fr\/visitez-nous\/expo-stockmanszwart\/#primaryimage\"},\"thumbnailUrl\":\"https:\/\/studiostockmans.com\/wp-content\/uploads\/2026\/04\/2020_Piet-Stockmans_4_vierkant_pers.jpg\",\"datePublished\":\"2026-04-14T10:27:53+00:00\",\"dateModified\":\"2026-04-15T15:02:54+00:00\",\"description\":\"Visitez l\u2019exposition Stockmanszwart \u00e0 partir de fin mai dans notre studio, o\u00f9 Piet Stockmans pr\u00e9sente pour la premi\u00e8re fois une c\u00e9ramique noire n\u00e9e de la perte de sa femme et de son cancer avanc\u00e9.\",\"breadcrumb\":{\"@id\":\"https:\/\/studiostockmans.com\/fr\/visitez-nous\/expo-stockmanszwart\/#breadcrumb\"},\"inLanguage\":\"fr-BE\",\"potentialAction\":[{\"@type\":\"ReadAction\",\"target\":[\"https:\/\/studiostockmans.com\/fr\/visitez-nous\/expo-stockmanszwart\/\"]}]},{\"@type\":\"ImageObject\",\"inLanguage\":\"fr-BE\",\"@id\":\"https:\/\/studiostockmans.com\/fr\/visitez-nous\/expo-stockmanszwart\/#primaryimage\",\"url\":\"https:\/\/studiostockmans.com\/wp-content\/uploads\/2026\/04\/2020_Piet-Stockmans_4_vierkant_pers.jpg\",\"contentUrl\":\"https:\/\/studiostockmans.com\/wp-content\/uploads\/2026\/04\/2020_Piet-Stockmans_4_vierkant_pers.jpg\",\"width\":1181,\"height\":1181},{\"@type\":\"BreadcrumbList\",\"@id\":\"https:\/\/studiostockmans.com\/fr\/visitez-nous\/expo-stockmanszwart\/#breadcrumb\",\"itemListElement\":[{\"@type\":\"ListItem\",\"position\":1,\"name\":\"Home\",\"item\":\"https:\/\/studiostockmans.com\/fr\/\"},{\"@type\":\"ListItem\",\"position\":2,\"name\":\"Visitez-nous\",\"item\":\"https:\/\/studiostockmans.com\/fr\/visitez-nous\/\"},{\"@type\":\"ListItem\",\"position\":3,\"name\":\"Expo &#8211; Stockmanszwart\"}]},{\"@type\":\"WebSite\",\"@id\":\"https:\/\/studiostockmans.com\/fr\/#website\",\"url\":\"https:\/\/studiostockmans.com\/fr\/\",\"name\":\"Studio Pieter Stockmans\",\"description\":\"Belgian Hard-Paste Porcelain\",\"alternateName\":\"Studio Stockmans\",\"potentialAction\":[{\"@type\":\"SearchAction\",\"target\":{\"@type\":\"EntryPoint\",\"urlTemplate\":\"https:\/\/studiostockmans.com\/fr\/?s={search_term_string}\"},\"query-input\":{\"@type\":\"PropertyValueSpecification\",\"valueRequired\":true,\"valueName\":\"search_term_string\"}}],\"inLanguage\":\"fr-BE\"}]}<\/script>\n<!-- \/ Yoast SEO plugin. -->","yoast_head_json":{"title":"Expo Stockmanszwart | Studio Pieter Stockmans","description":"Visitez l\u2019exposition Stockmanszwart \u00e0 partir de fin mai dans notre studio, o\u00f9 Piet Stockmans pr\u00e9sente pour la premi\u00e8re fois une c\u00e9ramique noire n\u00e9e de la perte de sa femme et de son cancer avanc\u00e9.","robots":{"index":"index","follow":"follow","max-snippet":"max-snippet:-1","max-image-preview":"max-image-preview:large","max-video-preview":"max-video-preview:-1"},"canonical":"https:\/\/studiostockmans.com\/fr\/visitez-nous\/expo-stockmanszwart\/","og_locale":"fr_FR","og_type":"article","og_title":"Expo Stockmanszwart | Studio Pieter Stockmans","og_description":"Visitez l\u2019exposition Stockmanszwart \u00e0 partir de fin mai dans notre studio, o\u00f9 Piet Stockmans pr\u00e9sente pour la premi\u00e8re fois une c\u00e9ramique noire n\u00e9e de la perte de sa femme et de son cancer avanc\u00e9.","og_url":"https:\/\/studiostockmans.com\/fr\/visitez-nous\/expo-stockmanszwart\/","og_site_name":"Studio Pieter Stockmans","article_modified_time":"2026-04-15T15:02:54+00:00","og_image":[{"width":1181,"height":1181,"url":"https:\/\/studiostockmans.com\/wp-content\/uploads\/2026\/04\/2020_Piet-Stockmans_4_vierkant_pers.jpg","type":"image\/jpeg"}],"twitter_card":"summary_large_image","twitter_misc":{"Dur\u00e9e de lecture est.":"1 minute"},"schema":{"@context":"https:\/\/schema.org","@graph":[{"@type":"WebPage","@id":"https:\/\/studiostockmans.com\/fr\/visitez-nous\/expo-stockmanszwart\/","url":"https:\/\/studiostockmans.com\/fr\/visitez-nous\/expo-stockmanszwart\/","name":"Expo Stockmanszwart | Studio Pieter Stockmans","isPartOf":{"@id":"https:\/\/studiostockmans.com\/fr\/#website"},"primaryImageOfPage":{"@id":"https:\/\/studiostockmans.com\/fr\/visitez-nous\/expo-stockmanszwart\/#primaryimage"},"image":{"@id":"https:\/\/studiostockmans.com\/fr\/visitez-nous\/expo-stockmanszwart\/#primaryimage"},"thumbnailUrl":"https:\/\/studiostockmans.com\/wp-content\/uploads\/2026\/04\/2020_Piet-Stockmans_4_vierkant_pers.jpg","datePublished":"2026-04-14T10:27:53+00:00","dateModified":"2026-04-15T15:02:54+00:00","description":"Visitez l\u2019exposition Stockmanszwart \u00e0 partir de fin mai dans notre studio, o\u00f9 Piet Stockmans pr\u00e9sente pour la premi\u00e8re fois une c\u00e9ramique noire n\u00e9e de la perte de sa femme et de son cancer avanc\u00e9.","breadcrumb":{"@id":"https:\/\/studiostockmans.com\/fr\/visitez-nous\/expo-stockmanszwart\/#breadcrumb"},"inLanguage":"fr-BE","potentialAction":[{"@type":"ReadAction","target":["https:\/\/studiostockmans.com\/fr\/visitez-nous\/expo-stockmanszwart\/"]}]},{"@type":"ImageObject","inLanguage":"fr-BE","@id":"https:\/\/studiostockmans.com\/fr\/visitez-nous\/expo-stockmanszwart\/#primaryimage","url":"https:\/\/studiostockmans.com\/wp-content\/uploads\/2026\/04\/2020_Piet-Stockmans_4_vierkant_pers.jpg","contentUrl":"https:\/\/studiostockmans.com\/wp-content\/uploads\/2026\/04\/2020_Piet-Stockmans_4_vierkant_pers.jpg","width":1181,"height":1181},{"@type":"BreadcrumbList","@id":"https:\/\/studiostockmans.com\/fr\/visitez-nous\/expo-stockmanszwart\/#breadcrumb","itemListElement":[{"@type":"ListItem","position":1,"name":"Home","item":"https:\/\/studiostockmans.com\/fr\/"},{"@type":"ListItem","position":2,"name":"Visitez-nous","item":"https:\/\/studiostockmans.com\/fr\/visitez-nous\/"},{"@type":"ListItem","position":3,"name":"Expo &#8211; Stockmanszwart"}]},{"@type":"WebSite","@id":"https:\/\/studiostockmans.com\/fr\/#website","url":"https:\/\/studiostockmans.com\/fr\/","name":"Studio Pieter Stockmans","description":"Belgian Hard-Paste Porcelain","alternateName":"Studio Stockmans","potentialAction":[{"@type":"SearchAction","target":{"@type":"EntryPoint","urlTemplate":"https:\/\/studiostockmans.com\/fr\/?s={search_term_string}"},"query-input":{"@type":"PropertyValueSpecification","valueRequired":true,"valueName":"search_term_string"}}],"inLanguage":"fr-BE"}]}},"_links":{"self":[{"href":"https:\/\/studiostockmans.com\/fr\/wp-json\/wp\/v2\/pages\/121689","targetHints":{"allow":["GET"]}}],"collection":[{"href":"https:\/\/studiostockmans.com\/fr\/wp-json\/wp\/v2\/pages"}],"about":[{"href":"https:\/\/studiostockmans.com\/fr\/wp-json\/wp\/v2\/types\/page"}],"author":[{"embeddable":true,"href":"https:\/\/studiostockmans.com\/fr\/wp-json\/wp\/v2\/users\/21"}],"replies":[{"embeddable":true,"href":"https:\/\/studiostockmans.com\/fr\/wp-json\/wp\/v2\/comments?post=121689"}],"version-history":[{"count":10,"href":"https:\/\/studiostockmans.com\/fr\/wp-json\/wp\/v2\/pages\/121689\/revisions"}],"predecessor-version":[{"id":121799,"href":"https:\/\/studiostockmans.com\/fr\/wp-json\/wp\/v2\/pages\/121689\/revisions\/121799"}],"up":[{"embeddable":true,"href":"https:\/\/studiostockmans.com\/fr\/wp-json\/wp\/v2\/pages\/23169"}],"wp:featuredmedia":[{"embeddable":true,"href":"https:\/\/studiostockmans.com\/fr\/wp-json\/wp\/v2\/media\/121697"}],"wp:attachment":[{"href":"https:\/\/studiostockmans.com\/fr\/wp-json\/wp\/v2\/media?parent=121689"}],"curies":[{"name":"wp","href":"https:\/\/api.w.org\/{rel}","templated":true}]}}