{"id":121751,"date":"2026-03-17T15:58:00","date_gmt":"2026-03-17T14:58:00","guid":{"rendered":"https:\/\/studiostockmans.com\/visitez-nous\/little-artist-childrensactivity\/"},"modified":"2026-04-15T16:01:07","modified_gmt":"2026-04-15T14:01:07","slug":"little-artist-activite-pour-enfants","status":"publish","type":"page","link":"https:\/\/studiostockmans.com\/fr\/visitez-nous\/little-artist-activite-pour-enfants\/","title":{"rendered":"Little Artist &#8211; Activit\u00e9 pour enfants"},"content":{"rendered":"","protected":false},"excerpt":{"rendered":"","protected":false},"author":21,"featured_media":121546,"parent":23169,"menu_order":0,"comment_status":"closed","ping_status":"closed","template":"page-templates\/template-visit-us-subpage.php","meta":{"_acf_changed":false,"footnotes":""},"class_list":["post-121751","page","type-page","status-publish","has-post-thumbnail","hentry"],"acf":[],"yoast_head":"<!-- This site is optimized with the Yoast SEO plugin v27.0 - https:\/\/yoast.com\/product\/yoast-seo-wordpress\/ -->\n<title>Little Artist - Activit\u00e9 pour enfants | Studio Pieter Stockmans<\/title>\n<meta name=\"description\" content=\"Pendant l\u2019atelier Little Artist, les enfants d\u00e9couvrent la porcelaine et con\u00e7oivent leur propre pi\u00e8ce murale unique, qui est ensuite immortalis\u00e9e de fa\u00e7on permanente apr\u00e8s la cuisson.\" \/>\n<meta name=\"robots\" content=\"index, follow, max-snippet:-1, max-image-preview:large, max-video-preview:-1\" \/>\n<link rel=\"canonical\" href=\"https:\/\/studiostockmans.com\/fr\/visitez-nous\/little-artist-activite-pour-enfants\/\" \/>\n<meta property=\"og:locale\" content=\"fr_FR\" \/>\n<meta property=\"og:type\" content=\"article\" \/>\n<meta property=\"og:title\" content=\"Little Artist - Activit\u00e9 pour enfants | Studio Pieter Stockmans\" \/>\n<meta property=\"og:description\" content=\"Pendant l\u2019atelier Little Artist, les enfants d\u00e9couvrent la porcelaine et con\u00e7oivent leur propre pi\u00e8ce murale unique, qui est ensuite immortalis\u00e9e de fa\u00e7on permanente apr\u00e8s la cuisson.\" \/>\n<meta property=\"og:url\" content=\"https:\/\/studiostockmans.com\/fr\/visitez-nous\/little-artist-activite-pour-enfants\/\" \/>\n<meta property=\"og:site_name\" content=\"Studio Pieter Stockmans\" \/>\n<meta property=\"article:modified_time\" content=\"2026-04-15T14:01:07+00:00\" \/>\n<meta property=\"og:image\" content=\"https:\/\/studiostockmans.com\/wp-content\/uploads\/2026\/04\/Kidsroom-wallelement98-1.jpg\" \/>\n\t<meta property=\"og:image:width\" content=\"1168\" \/>\n\t<meta property=\"og:image:height\" content=\"784\" \/>\n\t<meta property=\"og:image:type\" content=\"image\/jpeg\" \/>\n<meta name=\"twitter:card\" content=\"summary_large_image\" \/>\n<meta name=\"twitter:label1\" content=\"Dur\u00e9e de lecture est.\" \/>\n\t<meta name=\"twitter:data1\" content=\"1 minute\" \/>\n<script type=\"application\/ld+json\" class=\"yoast-schema-graph\">{\"@context\":\"https:\/\/schema.org\",\"@graph\":[{\"@type\":\"WebPage\",\"@id\":\"https:\/\/studiostockmans.com\/fr\/visitez-nous\/little-artist-activite-pour-enfants\/\",\"url\":\"https:\/\/studiostockmans.com\/fr\/visitez-nous\/little-artist-activite-pour-enfants\/\",\"name\":\"Little Artist - Activit\u00e9 pour enfants | Studio Pieter Stockmans\",\"isPartOf\":{\"@id\":\"https:\/\/studiostockmans.com\/fr\/#website\"},\"primaryImageOfPage\":{\"@id\":\"https:\/\/studiostockmans.com\/fr\/visitez-nous\/little-artist-activite-pour-enfants\/#primaryimage\"},\"image\":{\"@id\":\"https:\/\/studiostockmans.com\/fr\/visitez-nous\/little-artist-activite-pour-enfants\/#primaryimage\"},\"thumbnailUrl\":\"https:\/\/studiostockmans.com\/wp-content\/uploads\/2026\/04\/Kidsroom-wallelement98-1.jpg\",\"datePublished\":\"2026-03-17T14:58:00+00:00\",\"dateModified\":\"2026-04-15T14:01:07+00:00\",\"description\":\"Pendant l\u2019atelier Little Artist, les enfants d\u00e9couvrent la porcelaine et con\u00e7oivent leur propre pi\u00e8ce murale unique, qui est ensuite immortalis\u00e9e de fa\u00e7on permanente apr\u00e8s la cuisson.\",\"breadcrumb\":{\"@id\":\"https:\/\/studiostockmans.com\/fr\/visitez-nous\/little-artist-activite-pour-enfants\/#breadcrumb\"},\"inLanguage\":\"fr-BE\",\"potentialAction\":[{\"@type\":\"ReadAction\",\"target\":[\"https:\/\/studiostockmans.com\/fr\/visitez-nous\/little-artist-activite-pour-enfants\/\"]}]},{\"@type\":\"ImageObject\",\"inLanguage\":\"fr-BE\",\"@id\":\"https:\/\/studiostockmans.com\/fr\/visitez-nous\/little-artist-activite-pour-enfants\/#primaryimage\",\"url\":\"https:\/\/studiostockmans.com\/wp-content\/uploads\/2026\/04\/Kidsroom-wallelement98-1.jpg\",\"contentUrl\":\"https:\/\/studiostockmans.com\/wp-content\/uploads\/2026\/04\/Kidsroom-wallelement98-1.jpg\",\"width\":1168,\"height\":784},{\"@type\":\"BreadcrumbList\",\"@id\":\"https:\/\/studiostockmans.com\/fr\/visitez-nous\/little-artist-activite-pour-enfants\/#breadcrumb\",\"itemListElement\":[{\"@type\":\"ListItem\",\"position\":1,\"name\":\"Home\",\"item\":\"https:\/\/studiostockmans.com\/fr\/\"},{\"@type\":\"ListItem\",\"position\":2,\"name\":\"Visitez-nous\",\"item\":\"https:\/\/studiostockmans.com\/fr\/visitez-nous\/\"},{\"@type\":\"ListItem\",\"position\":3,\"name\":\"Little Artist &#8211; Activit\u00e9 pour enfants\"}]},{\"@type\":\"WebSite\",\"@id\":\"https:\/\/studiostockmans.com\/fr\/#website\",\"url\":\"https:\/\/studiostockmans.com\/fr\/\",\"name\":\"Studio Pieter Stockmans\",\"description\":\"Belgian Hard-Paste Porcelain\",\"alternateName\":\"Studio Stockmans\",\"potentialAction\":[{\"@type\":\"SearchAction\",\"target\":{\"@type\":\"EntryPoint\",\"urlTemplate\":\"https:\/\/studiostockmans.com\/fr\/?s={search_term_string}\"},\"query-input\":{\"@type\":\"PropertyValueSpecification\",\"valueRequired\":true,\"valueName\":\"search_term_string\"}}],\"inLanguage\":\"fr-BE\"}]}<\/script>\n<!-- \/ Yoast SEO plugin. -->","yoast_head_json":{"title":"Little Artist - Activit\u00e9 pour enfants | Studio Pieter Stockmans","description":"Pendant l\u2019atelier Little Artist, les enfants d\u00e9couvrent la porcelaine et con\u00e7oivent leur propre pi\u00e8ce murale unique, qui est ensuite immortalis\u00e9e de fa\u00e7on permanente apr\u00e8s la cuisson.","robots":{"index":"index","follow":"follow","max-snippet":"max-snippet:-1","max-image-preview":"max-image-preview:large","max-video-preview":"max-video-preview:-1"},"canonical":"https:\/\/studiostockmans.com\/fr\/visitez-nous\/little-artist-activite-pour-enfants\/","og_locale":"fr_FR","og_type":"article","og_title":"Little Artist - Activit\u00e9 pour enfants | Studio Pieter Stockmans","og_description":"Pendant l\u2019atelier Little Artist, les enfants d\u00e9couvrent la porcelaine et con\u00e7oivent leur propre pi\u00e8ce murale unique, qui est ensuite immortalis\u00e9e de fa\u00e7on permanente apr\u00e8s la cuisson.","og_url":"https:\/\/studiostockmans.com\/fr\/visitez-nous\/little-artist-activite-pour-enfants\/","og_site_name":"Studio Pieter Stockmans","article_modified_time":"2026-04-15T14:01:07+00:00","og_image":[{"width":1168,"height":784,"url":"https:\/\/studiostockmans.com\/wp-content\/uploads\/2026\/04\/Kidsroom-wallelement98-1.jpg","type":"image\/jpeg"}],"twitter_card":"summary_large_image","twitter_misc":{"Dur\u00e9e de lecture est.":"1 minute"},"schema":{"@context":"https:\/\/schema.org","@graph":[{"@type":"WebPage","@id":"https:\/\/studiostockmans.com\/fr\/visitez-nous\/little-artist-activite-pour-enfants\/","url":"https:\/\/studiostockmans.com\/fr\/visitez-nous\/little-artist-activite-pour-enfants\/","name":"Little Artist - Activit\u00e9 pour enfants | Studio Pieter Stockmans","isPartOf":{"@id":"https:\/\/studiostockmans.com\/fr\/#website"},"primaryImageOfPage":{"@id":"https:\/\/studiostockmans.com\/fr\/visitez-nous\/little-artist-activite-pour-enfants\/#primaryimage"},"image":{"@id":"https:\/\/studiostockmans.com\/fr\/visitez-nous\/little-artist-activite-pour-enfants\/#primaryimage"},"thumbnailUrl":"https:\/\/studiostockmans.com\/wp-content\/uploads\/2026\/04\/Kidsroom-wallelement98-1.jpg","datePublished":"2026-03-17T14:58:00+00:00","dateModified":"2026-04-15T14:01:07+00:00","description":"Pendant l\u2019atelier Little Artist, les enfants d\u00e9couvrent la porcelaine et con\u00e7oivent leur propre pi\u00e8ce murale unique, qui est ensuite immortalis\u00e9e de fa\u00e7on permanente apr\u00e8s la cuisson.","breadcrumb":{"@id":"https:\/\/studiostockmans.com\/fr\/visitez-nous\/little-artist-activite-pour-enfants\/#breadcrumb"},"inLanguage":"fr-BE","potentialAction":[{"@type":"ReadAction","target":["https:\/\/studiostockmans.com\/fr\/visitez-nous\/little-artist-activite-pour-enfants\/"]}]},{"@type":"ImageObject","inLanguage":"fr-BE","@id":"https:\/\/studiostockmans.com\/fr\/visitez-nous\/little-artist-activite-pour-enfants\/#primaryimage","url":"https:\/\/studiostockmans.com\/wp-content\/uploads\/2026\/04\/Kidsroom-wallelement98-1.jpg","contentUrl":"https:\/\/studiostockmans.com\/wp-content\/uploads\/2026\/04\/Kidsroom-wallelement98-1.jpg","width":1168,"height":784},{"@type":"BreadcrumbList","@id":"https:\/\/studiostockmans.com\/fr\/visitez-nous\/little-artist-activite-pour-enfants\/#breadcrumb","itemListElement":[{"@type":"ListItem","position":1,"name":"Home","item":"https:\/\/studiostockmans.com\/fr\/"},{"@type":"ListItem","position":2,"name":"Visitez-nous","item":"https:\/\/studiostockmans.com\/fr\/visitez-nous\/"},{"@type":"ListItem","position":3,"name":"Little Artist &#8211; Activit\u00e9 pour enfants"}]},{"@type":"WebSite","@id":"https:\/\/studiostockmans.com\/fr\/#website","url":"https:\/\/studiostockmans.com\/fr\/","name":"Studio Pieter Stockmans","description":"Belgian Hard-Paste Porcelain","alternateName":"Studio Stockmans","potentialAction":[{"@type":"SearchAction","target":{"@type":"EntryPoint","urlTemplate":"https:\/\/studiostockmans.com\/fr\/?s={search_term_string}"},"query-input":{"@type":"PropertyValueSpecification","valueRequired":true,"valueName":"search_term_string"}}],"inLanguage":"fr-BE"}]}},"_links":{"self":[{"href":"https:\/\/studiostockmans.com\/fr\/wp-json\/wp\/v2\/pages\/121751","targetHints":{"allow":["GET"]}}],"collection":[{"href":"https:\/\/studiostockmans.com\/fr\/wp-json\/wp\/v2\/pages"}],"about":[{"href":"https:\/\/studiostockmans.com\/fr\/wp-json\/wp\/v2\/types\/page"}],"author":[{"embeddable":true,"href":"https:\/\/studiostockmans.com\/fr\/wp-json\/wp\/v2\/users\/21"}],"replies":[{"embeddable":true,"href":"https:\/\/studiostockmans.com\/fr\/wp-json\/wp\/v2\/comments?post=121751"}],"version-history":[{"count":9,"href":"https:\/\/studiostockmans.com\/fr\/wp-json\/wp\/v2\/pages\/121751\/revisions"}],"predecessor-version":[{"id":121774,"href":"https:\/\/studiostockmans.com\/fr\/wp-json\/wp\/v2\/pages\/121751\/revisions\/121774"}],"up":[{"embeddable":true,"href":"https:\/\/studiostockmans.com\/fr\/wp-json\/wp\/v2\/pages\/23169"}],"wp:featuredmedia":[{"embeddable":true,"href":"https:\/\/studiostockmans.com\/fr\/wp-json\/wp\/v2\/media\/121546"}],"wp:attachment":[{"href":"https:\/\/studiostockmans.com\/fr\/wp-json\/wp\/v2\/media?parent=121751"}],"curies":[{"name":"wp","href":"https:\/\/api.w.org\/{rel}","templated":true}]}}