{"id":17412,"date":"2025-01-15T15:19:08","date_gmt":"2025-01-15T14:19:08","guid":{"rendered":"https:\/\/studiostockmans.com\/privacy\/"},"modified":"2025-05-30T14:53:17","modified_gmt":"2025-05-30T12:53:17","slug":"privacy","status":"publish","type":"page","link":"https:\/\/studiostockmans.com\/fr\/info\/privacy\/","title":{"rendered":"D\u00e9claration de confidentialit\u00e9"},"content":{"rendered":"\n<h2 class=\"wp-block-heading\">1. Pourquoi cette d\u00e9claration de confidentialit\u00e9?<\/h2>\n\n\n\n<p>Studio Pieter Stockmans accorde une grande importance \u00e0 la protection de votre vie priv\u00e9e et de vos donn\u00e9es \u00e0 caract\u00e8re personnel. Nous utilisons uniquement vos donn\u00e9es \u00e0 caract\u00e8re personnel conform\u00e9ment \u00e0 la Loi sur la protection de la vie priv\u00e9e et aux autres dispositions l\u00e9gales en vigueur. Toute r\u00e9f\u00e9rence dans la pr\u00e9sente D\u00e9claration de confidentialit\u00e9 \u00e0 la Loi sur la protection de la vie priv\u00e9e implique une r\u00e9f\u00e9rence \u00e0 la Loi du 8 d\u00e9cembre 1992 relative \u00e0 la protection de la vie priv\u00e9e \u00e0 l&rsquo;\u00e9gard du traitement de donn\u00e9es \u00e0 caract\u00e8re personnel. Toute r\u00e9f\u00e9rence au R\u00e8glement est une r\u00e9f\u00e9rence au R\u00e8glement du 27 avril 2016 relatif \u00e0 la protection des personnes physiques \u00e0 l\u2019\u00e9gard du traitement des donn\u00e9es \u00e0 caract\u00e8re personnel et \u00e0 la libre circulation de ces donn\u00e9es.<\/p>\n\n\n\n<p>Avec cette D\u00e9claration de confidentialit\u00e9, Studio Pieter Stockmans souhaite vous signaler toute op\u00e9ration de traitement concernant ces donn\u00e9es et vos droits. En utilisant notre site web, vous consentez explicitement \u00e0 d&rsquo;\u00e9ventuelles op\u00e9rations de traitement effectu\u00e9es par Studio Pieter Stockmans.<\/p>\n\n\n\n<p>Il est possible que cette D\u00e9claration de confidentialit\u00e9 soit sujette \u00e0 des changements et des modifications dans le futur. Il est de votre responsabilit\u00e9 de consulter r\u00e9guli\u00e8rement ce document. Toute modification importante sera toujours clairement communiqu\u00e9e sur le site web de Studio Pieter Stockmans.<\/p>\n\n\n\n<h2 class=\"wp-block-heading\">2. Qui traite les donn\u00e9es \u00e0 caract\u00e8re personnel?<\/h2>\n\n\n\n<p>Le site web&nbsp;<a href=\"https:\/\/www.studiostockmans.com\/fr\/\">www.studiostockmans.com<\/a>&nbsp;est une initiative de:<\/p>\n\n\n\n<p>Studio Pieter Stockmans<br>C-mine 100 bus 2<br>3600 Genk-Winterslag<br>Belgium<br>E-mail:&nbsp;<a href=\"mailto:info@studiostockmans.com\">info@studiostockmans.com<\/a><br>T\u00e9l\u00e9phone:&nbsp;<a href=\"tel:+32 (0)89 382 362\">+08 (0) 382362<\/a><\/p>\n\n\n\n<h2 class=\"wp-block-heading\">3. Quelles donn\u00e9es \u00e0 caract\u00e8re personnel sont trait\u00e9es?<\/h2>\n\n\n\n<p>Studio Pieter Stockmans s&rsquo;engage \u00e0 ne traiter que les donn\u00e9es pertinentes et n\u00e9cessaires aux fins pour lesquelles elles ont \u00e9t\u00e9 recueillies. Les cat\u00e9gories suivantes de donn\u00e9es \u00e0 caract\u00e8re personnel peuvent \u00eatre trait\u00e9es par Studio Pieter Stockmans:<\/p>\n\n\n\n<ul class=\"wp-block-list\">\n<li>Donn\u00e9es d&rsquo;identification<\/li>\n\n\n\n<li>Donn\u00e9es financi\u00e8res<\/li>\n\n\n\n<li>Caract\u00e9ristiques personnelles<\/li>\n\n\n\n<li>Donn\u00e9es physiques<\/li>\n\n\n\n<li>Habitudes de vie<\/li>\n\n\n\n<li>Donn\u00e9es psychiques<\/li>\n\n\n\n<li>Composition du m\u00e9nage et de la famille<\/li>\n\n\n\n<li>Loisirs et int\u00e9r\u00eats<\/li>\n\n\n\n<li>Affiliations et appartenances<\/li>\n\n\n\n<li>Donn\u00e9es judiciaires<\/li>\n\n\n\n<li>Habitudes de consommation<\/li>\n\n\n\n<li>Caract\u00e9ristiques du logement<\/li>\n\n\n\n<li>Donn\u00e9es relatives aux \u00e9tudes et \u00e0 la formation<\/li>\n\n\n\n<li>Donn\u00e9es relatives \u00e0 l\u2019emploi et \u00e0 la fonction<\/li>\n\n\n\n<li>Num\u00e9ro de registre national et num\u00e9ro d&rsquo;identification de s\u00e9curit\u00e9 sociale<\/li>\n\n\n\n<li>Origine raciale ou ethnique<\/li>\n\n\n\n<li>Vie sexuelle ou orientation sexuelle<\/li>\n\n\n\n<li>Opinions politiques<\/li>\n\n\n\n<li>Convictions religieuses ou philosophiques<\/li>\n\n\n\n<li>Photos \/ Prises de vue<\/li>\n\n\n\n<li>Enregistrements \/ Prises de son<\/li>\n<\/ul>\n\n\n\n<h2 class=\"wp-block-heading\">4. \u00c0 quelles fins mes donn\u00e9es \u00e0 caract\u00e8re personnel seront-elles utilis\u00e9es?<\/h2>\n\n\n\n<p>Studio Pieter Stockmans recueille des donn\u00e9es \u00e0 caract\u00e8re personnel pour vous fournir une exp\u00e9rience utilisateur s\u00fbre, optimale et personnelle. La collecte de donn\u00e9es \u00e0 caract\u00e8re personnel sera encore plus \u00e9tendue \u00e0 mesure que l&rsquo;Utilisateur fera un usage plus intensif du site web et de nos services en ligne.<\/p>\n\n\n\n<p>Le traitement des donn\u00e9es est essentiel au fonctionnement du site web et des services connexes. Le traitement est effectu\u00e9 exclusivement aux fins sp\u00e9cifiques suivantes:<\/p>\n\n\n\n<ul class=\"wp-block-list\">\n<li>Vous donner acc\u00e8s \u00e0 votre profil utilisateur.<\/li>\n\n\n\n<li>Offrir et am\u00e9liorer un service g\u00e9n\u00e9ral et personnalis\u00e9, y compris pour la facturation, l\u2019offre d&rsquo;informations, de newsletters et d&rsquo;offres qui vous sont utiles et\/ou n\u00e9cessaires, l&rsquo;obtention et le traitement des commentaires des utilisateurs et la fourniture d&rsquo;assistance.<\/li>\n\n\n\n<li>Offrir et am\u00e9liorer les produits fournis ; produits personnalis\u00e9s et sp\u00e9cifiques sur la base des informations et donn\u00e9es fournies.<\/li>\n\n\n\n<li>D\u00e9tecter et prot\u00e9ger contre la fraude, les erreurs et\/ou les comportements criminels.<\/li>\n\n\n\n<li>Fins de marketing<\/li>\n<\/ul>\n\n\n\n<p>Lorsque vous visitez le site web de Studio Pieter Stockmans certaines donn\u00e9es sont recueillies \u00e0 des fins statistiques. Ces donn\u00e9es sont n\u00e9cessaires pour optimiser l\u2019utilisation de notre site web. Ces donn\u00e9es sont: l&rsquo;adresse IP, le lieu probable de la consultation, l&rsquo;heure et le jour de la consultation, les pages visit\u00e9es. Lorsque vous visitez le site web de Studio Pieter Stockmans, vous acceptez cette collecte de donn\u00e9es destin\u00e9e \u00e0 des fins statiques comme d\u00e9crit ci-dessus.<\/p>\n\n\n\n<p>L&rsquo;utilisateur fournit toujours lui-m\u00eame les donn\u00e9es \u00e0 caract\u00e8re personnel \u00e0 Studio Pieter Stockmans et peut ainsi exercer un certain degr\u00e9 de contr\u00f4le. Si certaines donn\u00e9es sont incompl\u00e8tes ou apparemment incorrectes, Studio Pieter Stockmans se r\u00e9serve le droit de reporter temporairement ou d\u00e9finitivement certaines op\u00e9rations attendues.<\/p>\n\n\n\n<p>Les donn\u00e9es \u00e0 caract\u00e8re personnel ne seront trait\u00e9es que pour un usage interne au sein de Studio Pieter Stockmans.<\/p>\n\n\n\n<p>Nous pouvons donc vous assurer que les donn\u00e9es \u00e0 caract\u00e8re personnel ne seront pas vendues, transmises ou communiqu\u00e9es \u00e0 des tiers qui nous sont li\u00e9s. Studio Pieter Stockmans a pris toutes les pr\u00e9cautions juridiques et techniques possibles pour emp\u00eacher l&rsquo;acc\u00e8s et l&rsquo;utilisation non autoris\u00e9s.<\/p>\n\n\n\n<h2 class=\"wp-block-heading\">5. Nous utilisons \u00e9galement des cookies!<\/h2>\n\n\n\n<p>Lors d&rsquo;une visite sur notre site web, des \u00ab cookies \u00bb peuvent \u00eatre plac\u00e9s sur votre disque dur pour mieux adapter le site web aux besoins du visiteur r\u00e9current. Les cookies non fonctionnels nous aident \u00e0 optimiser votre visite sur la plateforme et \u00e0 m\u00e9moriser des choix techniques.<\/p>\n\n\n\n<p>Pour mieux comprendre comment nous utilisons les cookies pour collecter et traiter vos donn\u00e9es \u00e0 caract\u00e8re personnel, nous vous renvoyons \u00e0 notre&nbsp;<a href=\"https:\/\/www.studiostockmans.com\/fr\/declaration-relative-aux-cookies\/\">D\u00e9claration en mati\u00e8re de cookies<\/a>.<\/p>\n\n\n\n<p>Si vous souhaitez consulter le site web de Studio Pieter Stockmans, il est recommand\u00e9 d&rsquo;avoir activ\u00e9 les cookies. Vous trouverez aussi dans notre&nbsp;<a href=\"https:\/\/www.studiostockmans.com\/fr\/declaration-relative-aux-cookies\/\">D\u00e9claration en mati\u00e8re de cookies<\/a>&nbsp;la mani\u00e8re de d\u00e9sactiver les cookies..<\/p>\n\n\n\n<h2 class=\"wp-block-heading\">6. Quels sont mes droits?<\/h2>\n\n\n\n<h3 class=\"wp-block-heading\">6.1 Garantie d&rsquo;un traitement l\u00e9gal et s\u00e9curis\u00e9 de donn\u00e9es \u00e0 caract\u00e8re personnel<\/h3>\n\n\n\n<p>Studio Pieter Stockmans traite toujours vos informations personnelles de mani\u00e8re \u00e9quitable et l\u00e9gale. Cela implique les garanties suivantes:<\/p>\n\n\n\n<ul class=\"wp-block-list\">\n<li>Les donn\u00e9es \u00e0 caract\u00e8re personnel ne seront trait\u00e9es que conform\u00e9ment aux objectifs d\u00e9crits et l\u00e9gitimes de cette D\u00e9claration de confidentialit\u00e9.<\/li>\n\n\n\n<li>Les donn\u00e9es \u00e0 caract\u00e8re personnel ne sont trait\u00e9es que dans la mesure o\u00f9 ce traitement est suffisant, pertinent et non excessif.<\/li>\n\n\n\n<li>Les donn\u00e9es \u00e0 caract\u00e8re personnel ne sont conserv\u00e9es que le temps n\u00e9cessaire \u00e0 la r\u00e9alisation des objectifs d\u00e9crits et justifi\u00e9s dans cette D\u00e9claration de confidentialit\u00e9.<\/li>\n<\/ul>\n\n\n\n<p>Les mesures techniques et de s\u00e9curit\u00e9 n\u00e9cessaires ont \u00e9t\u00e9 prises pour minimiser les risques d&rsquo;acc\u00e8s ill\u00e9gal ou de traitement de donn\u00e9es \u00e0 caract\u00e8re personnel. En cas de piratage de ses syst\u00e8mes informatiques, Studio Pieter Stockmans prendra imm\u00e9diatement toutes les mesures possibles pour limiter les dommages au minimum.<\/p>\n\n\n\n<h3 class=\"wp-block-heading\">6.2 Droit d\u2019acc\u00e8s\/de rectification\/de suppression de vos donn\u00e9es \u00e0 caract\u00e8re personnel<\/h3>\n\n\n\n<p>Sur preuve de votre identit\u00e9 en tant qu&rsquo;Utilisateur, vous avez le droit d&rsquo;obtenir aupr\u00e8s de Studio Pieter Stockmans des informations sur le traitement ou non de vos donn\u00e9es \u00e0 caract\u00e8re personnel. Quand Studio Pieter Stockmans traite vos donn\u00e9es, vous avez \u00e9galement le droit d&rsquo;inspecter les donn\u00e9es \u00e0 caract\u00e8re personnel collect\u00e9es. Si vous souhaitez utiliser votre droit d&rsquo;acc\u00e8s, Studio Pieter Stockmans s&rsquo;y conformera dans un d\u00e9lai d&rsquo;un (1) mois apr\u00e8s r\u00e9ception de la demande. La demande est faite par courrier recommand\u00e9 ou en envoyant un e-mail \u00e0&nbsp;<a href=\"mailto:info@studiostockmans.com\">info@studiostockmans.com<\/a>.<\/p>\n\n\n\n<p>Des donn\u00e9es \u00e0 caract\u00e8re personnel inexactes ou incompl\u00e8tes peuvent toujours \u00eatre rectifi\u00e9es. Il appartient \u00e0 l&rsquo;utilisateur de corriger en premier lieu les inexactitudes et les lacunes. Vous pouvez exercer votre droit de correction en fournissant une d\u00e9claration compl\u00e9mentaire \u00e0 Studio Pieter Stockmans. Studio Pieter Stockmans y donnera suite dans un d\u00e9lai d&rsquo;un (1) mois apr\u00e8s r\u00e9ception de la demande compl\u00e9mentaire.<\/p>\n\n\n\n<p>Vous avez \u00e9galement le droit de nous demander de supprimer vos donn\u00e9es \u00e0 caract\u00e8re personnel sans retard d\u00e9raisonnable. Vous ne pouvez r\u00e9clamer ce droit \u00e0 l\u2019oubli que dans les cas suivants:<\/p>\n\n\n\n<ul class=\"wp-block-list\">\n<li>Lorsque les donn\u00e9es \u00e0 caract\u00e8re personnel ne sont plus n\u00e9cessaires aux fins pour lesquelles elles ont \u00e9t\u00e9 initialement collect\u00e9es;<\/li>\n\n\n\n<li>Lorsque les donn\u00e9es \u00e0 caract\u00e8re personnel ont \u00e9t\u00e9 collect\u00e9es sur la base du consentement obtenu et qu&rsquo;il n&rsquo;existe aucune autre base l\u00e9gale pour le traitement;<\/li>\n\n\n\n<li>Lorsqu&rsquo;il y a une objection au traitement et qu&rsquo;il n&rsquo;existe pas de motifs imp\u00e9rieux justifi\u00e9s pour le traitement;<\/li>\n\n\n\n<li>Lorsque les donn\u00e9es \u00e0 caract\u00e8re personnel ont \u00e9t\u00e9 trait\u00e9es ill\u00e9galement;<\/li>\n\n\n\n<li>Lorsque les donn\u00e9es \u00e0 caract\u00e8re personnel doivent \u00eatre supprim\u00e9es conform\u00e9ment \u00e0 une obligation l\u00e9gale.<\/li>\n<\/ul>\n\n\n\n<p>Studio Pieter Stockmans \u00e9value la pr\u00e9sence de l&rsquo;un des cas susmentionn\u00e9s.<\/p>\n\n\n\n<h3 class=\"wp-block-heading\">6.3 Droit \u00e0 une limitation\/objection\/opposition au traitement de vos donn\u00e9es \u00e0 caract\u00e8re personnel<\/h3>\n\n\n\n<p>L\u2019Utilisateur a le droit d&rsquo;obtenir une limitation du traitement de ses donn\u00e9es \u00e0 caract\u00e8re personnel:<\/p>\n\n\n\n<ul class=\"wp-block-list\">\n<li>Pendant la p\u00e9riode o\u00f9 Studio Pieter Stockmans doit v\u00e9rifier l&rsquo;exactitude des donn\u00e9es \u00e0 caract\u00e8re personnel, en cas de litige;<\/li>\n\n\n\n<li>Si le traitement des donn\u00e9es est ill\u00e9gal et que l&rsquo;Utilisateur demande une limitation du traitement au lieu de supprimer les donn\u00e9es \u00e0 caract\u00e8re personnel;<\/li>\n\n\n\n<li>Lorsque Studio Pieter Stockmans n&rsquo;a plus besoin des donn\u00e9es \u00e0 caract\u00e8re personnel de l&rsquo;Utilisateur \u00e0 des fins de traitement et que l&rsquo;Utilisateur a besoin des donn\u00e9es \u00e0 caract\u00e8re personnel concernant une action juridique;<\/li>\n\n\n\n<li>Pendant la p\u00e9riode o\u00f9 Studio Pieter Stockmans doit \u00e9valuer la pr\u00e9sence des motifs d&rsquo;effacement des donn\u00e9es \u00e0 caract\u00e8re personnel.<\/li>\n<\/ul>\n\n\n\n<p>L&rsquo;Utilisateur a \u00e9galement le droit \u00e0 tout moment de s&rsquo;opposer au traitement de ses donn\u00e9es \u00e0 caract\u00e8re personnel. Studio Pieter Stockmans cesse ensuite le traitement de vos donn\u00e9es \u00e0 caract\u00e8re personnel, sauf si Studio Pieter Stockmans peut avancer des motifs justifi\u00e9s imp\u00e9rieux pour le traitement de vos donn\u00e9es \u00e0 caract\u00e8re personnel qui sont pr\u00e9pond\u00e9rants par rapport au droit de contestation de l\u2019Utilisateur.<\/p>\n\n\n\n<p>Si l\u2019utilisateur souhaite exercer ces droits, Studio Pieter Stockmans s&rsquo;y conformera dans un d\u00e9lai d&rsquo;un (1) mois apr\u00e8s r\u00e9ception de la demande. La demande est faite par courrier recommand\u00e9 ou en envoyant un e-mail \u00e0&nbsp;<a href=\"mailto:info@studiostockmans.com\">info@studiostockmans.com<\/a>.<\/p>\n\n\n\n<h3 class=\"wp-block-heading\">6.4 Droit \u00e0 la portabilit\u00e9 des donn\u00e9es<\/h3>\n\n\n\n<p>Vous avez le droit d\u2019obtenir de Studio Pieter Stockmans toutes les donn\u00e9es \u00e0 caract\u00e8re personnel que vous nous avez fournies dans un format structur\u00e9, couramment utilis\u00e9 et lisible par machine. En outre, l&rsquo;Utilisateur a le droit de transf\u00e9rer ces donn\u00e9es \u00e0 caract\u00e8re personnel \u00e0 un autre responsable de traitement lorsque le traitement des donn\u00e9es \u00e0 caract\u00e8re personnel repose uniquement sur le consentement de l&rsquo;Utilisateur.<\/p>\n\n\n\n<p>Si l\u2019Utilisateur souhaite exercer ce droit, Studio Pieter Stockmans s&rsquo;y conformera dans un d\u00e9lai d&rsquo;un (1) mois apr\u00e8s r\u00e9ception de la demande. La demande est faite par courrier recommand\u00e9 ou en envoyant un e-mail \u00e0&nbsp;<a href=\"mailto:info@studiostockmans.com\">info@studiostockmans.com<\/a>.<\/p>\n\n\n\n<h3 class=\"wp-block-heading\">6.5 Droit de retirer mon autorisation\/droit d&rsquo;introduire une r\u00e9clamation<\/h3>\n\n\n\n<p>L&rsquo;Utilisateur a \u00e9galement le droit de retirer son autorisation. Le retrait du consentement ne compromet pas la l\u00e9gitimit\u00e9 du traitement fond\u00e9 sur le consentement pr\u00e9alablement donn\u00e9. En outre, l&rsquo;utilisateur a le droit d\u2019introduire une plainte concernant le traitement de ses donn\u00e9es \u00e0 caract\u00e8re personnel par Studio Pieter Stockmans aupr\u00e8s de la Commission Belge pour la protection de la vie priv\u00e9e..<\/p>\n\n\n\n<p>Si l\u2019Utilisateur souhaite exercer ce droit, Studio Pieter Stockmans s&rsquo;y conformera dans un d\u00e9lai d&rsquo;un (1) mois apr\u00e8s r\u00e9ception de la demande. La demande est faite par courrier recommand\u00e9 ou en envoyant un e-mail \u00e0&nbsp;<a href=\"mailto:info@studiostockmans.com\">info@studiostockmans.com<\/a>.<\/p>\n","protected":false},"excerpt":{"rendered":"1. Pourquoi cette d\u00e9claration de confidentialit\u00e9? Studio Pieter Stockmans accorde une grande importance \u00e0 la protection de votre vie priv\u00e9e et de vos donn\u00e9es \u00e0 caract\u00e8re personnel. Nous utilisons uniquement vos donn\u00e9es \u00e0 caract\u00e8re personnel conform\u00e9ment \u00e0 la Loi sur la protection de la vie priv\u00e9e et aux autres dispositions l\u00e9gales en vigueur. Toute r\u00e9f\u00e9rence [&hellip;]\n","protected":false},"author":1,"featured_media":0,"parent":23029,"menu_order":0,"comment_status":"closed","ping_status":"closed","template":"page-templates\/template-policy.php","meta":{"_acf_changed":false,"footnotes":""},"class_list":["post-17412","page","type-page","status-publish","hentry"],"acf":[],"yoast_head":"<!-- This site is optimized with the Yoast SEO plugin v27.0 - https:\/\/yoast.com\/product\/yoast-seo-wordpress\/ -->\n<title>Politique de Confidentialit\u00c3\u00a9 | Studio Pieter Stockmans<\/title>\n<meta name=\"description\" content=\"Comment Studio Pieter Stockmans collecte, utilise et prot\u00c3\u00a8ge vos donn\u00c3\u00a9es personnelles. Lisez notre d\u00c3\u00a9claration de confidentialit\u00c3\u00a9.\" \/>\n<meta name=\"robots\" content=\"index, follow, max-snippet:-1, max-image-preview:large, max-video-preview:-1\" \/>\n<link rel=\"canonical\" href=\"https:\/\/studiostockmans.com\/fr\/info\/privacy\/\" \/>\n<meta property=\"og:locale\" content=\"fr_FR\" \/>\n<meta property=\"og:type\" content=\"article\" \/>\n<meta property=\"og:title\" content=\"Politique de Confidentialit\u00c3\u00a9 | Studio Pieter Stockmans\" \/>\n<meta property=\"og:description\" content=\"Comment Studio Pieter Stockmans collecte, utilise et prot\u00c3\u00a8ge vos donn\u00c3\u00a9es personnelles. Lisez notre d\u00c3\u00a9claration de confidentialit\u00c3\u00a9.\" \/>\n<meta property=\"og:url\" content=\"https:\/\/studiostockmans.com\/fr\/info\/privacy\/\" \/>\n<meta property=\"og:site_name\" content=\"Studio Pieter Stockmans\" \/>\n<meta property=\"article:modified_time\" content=\"2025-05-30T12:53:17+00:00\" \/>\n<meta property=\"og:image\" content=\"https:\/\/studiostockmans.com\/wp-content\/uploads\/2026\/02\/stockmans-opengraph.png\" \/>\n\t<meta property=\"og:image:width\" content=\"1200\" \/>\n\t<meta property=\"og:image:height\" content=\"675\" \/>\n\t<meta property=\"og:image:type\" content=\"image\/png\" \/>\n<meta name=\"twitter:card\" content=\"summary_large_image\" \/>\n<meta name=\"twitter:label1\" content=\"Dur\u00e9e de lecture est.\" \/>\n\t<meta name=\"twitter:data1\" content=\"9 minutes\" \/>\n<script type=\"application\/ld+json\" class=\"yoast-schema-graph\">{\"@context\":\"https:\/\/schema.org\",\"@graph\":[{\"@type\":\"WebPage\",\"@id\":\"https:\/\/studiostockmans.com\/fr\/info\/privacy\/\",\"url\":\"https:\/\/studiostockmans.com\/fr\/info\/privacy\/\",\"name\":\"Politique de Confidentialit\u00c3\u00a9 | Studio Pieter Stockmans\",\"isPartOf\":{\"@id\":\"https:\/\/studiostockmans.com\/fr\/#website\"},\"datePublished\":\"2025-01-15T14:19:08+00:00\",\"dateModified\":\"2025-05-30T12:53:17+00:00\",\"description\":\"Comment Studio Pieter Stockmans collecte, utilise et prot\u00c3\u00a8ge vos donn\u00c3\u00a9es personnelles. Lisez notre d\u00c3\u00a9claration de confidentialit\u00c3\u00a9.\",\"breadcrumb\":{\"@id\":\"https:\/\/studiostockmans.com\/fr\/info\/privacy\/#breadcrumb\"},\"inLanguage\":\"fr-BE\",\"potentialAction\":[{\"@type\":\"ReadAction\",\"target\":[\"https:\/\/studiostockmans.com\/fr\/info\/privacy\/\"]}]},{\"@type\":\"BreadcrumbList\",\"@id\":\"https:\/\/studiostockmans.com\/fr\/info\/privacy\/#breadcrumb\",\"itemListElement\":[{\"@type\":\"ListItem\",\"position\":1,\"name\":\"Home\",\"item\":\"https:\/\/studiostockmans.com\/fr\/\"},{\"@type\":\"ListItem\",\"position\":2,\"name\":\"D\u00e9claration de confidentialit\u00e9\"}]},{\"@type\":\"WebSite\",\"@id\":\"https:\/\/studiostockmans.com\/fr\/#website\",\"url\":\"https:\/\/studiostockmans.com\/fr\/\",\"name\":\"Studio Pieter Stockmans\",\"description\":\"Belgian Hard-Paste Porcelain\",\"alternateName\":\"Studio Stockmans\",\"potentialAction\":[{\"@type\":\"SearchAction\",\"target\":{\"@type\":\"EntryPoint\",\"urlTemplate\":\"https:\/\/studiostockmans.com\/fr\/?s={search_term_string}\"},\"query-input\":{\"@type\":\"PropertyValueSpecification\",\"valueRequired\":true,\"valueName\":\"search_term_string\"}}],\"inLanguage\":\"fr-BE\"}]}<\/script>\n<!-- \/ Yoast SEO plugin. -->","yoast_head_json":{"title":"Politique de Confidentialit\u00c3\u00a9 | Studio Pieter Stockmans","description":"Comment Studio Pieter Stockmans collecte, utilise et prot\u00c3\u00a8ge vos donn\u00c3\u00a9es personnelles. Lisez notre d\u00c3\u00a9claration de confidentialit\u00c3\u00a9.","robots":{"index":"index","follow":"follow","max-snippet":"max-snippet:-1","max-image-preview":"max-image-preview:large","max-video-preview":"max-video-preview:-1"},"canonical":"https:\/\/studiostockmans.com\/fr\/info\/privacy\/","og_locale":"fr_FR","og_type":"article","og_title":"Politique de Confidentialit\u00c3\u00a9 | Studio Pieter Stockmans","og_description":"Comment Studio Pieter Stockmans collecte, utilise et prot\u00c3\u00a8ge vos donn\u00c3\u00a9es personnelles. Lisez notre d\u00c3\u00a9claration de confidentialit\u00c3\u00a9.","og_url":"https:\/\/studiostockmans.com\/fr\/info\/privacy\/","og_site_name":"Studio Pieter Stockmans","article_modified_time":"2025-05-30T12:53:17+00:00","og_image":[{"width":1200,"height":675,"url":"https:\/\/studiostockmans.com\/wp-content\/uploads\/2026\/02\/stockmans-opengraph.png","type":"image\/png"}],"twitter_card":"summary_large_image","twitter_misc":{"Dur\u00e9e de lecture est.":"9 minutes"},"schema":{"@context":"https:\/\/schema.org","@graph":[{"@type":"WebPage","@id":"https:\/\/studiostockmans.com\/fr\/info\/privacy\/","url":"https:\/\/studiostockmans.com\/fr\/info\/privacy\/","name":"Politique de Confidentialit\u00c3\u00a9 | Studio Pieter Stockmans","isPartOf":{"@id":"https:\/\/studiostockmans.com\/fr\/#website"},"datePublished":"2025-01-15T14:19:08+00:00","dateModified":"2025-05-30T12:53:17+00:00","description":"Comment Studio Pieter Stockmans collecte, utilise et prot\u00c3\u00a8ge vos donn\u00c3\u00a9es personnelles. Lisez notre d\u00c3\u00a9claration de confidentialit\u00c3\u00a9.","breadcrumb":{"@id":"https:\/\/studiostockmans.com\/fr\/info\/privacy\/#breadcrumb"},"inLanguage":"fr-BE","potentialAction":[{"@type":"ReadAction","target":["https:\/\/studiostockmans.com\/fr\/info\/privacy\/"]}]},{"@type":"BreadcrumbList","@id":"https:\/\/studiostockmans.com\/fr\/info\/privacy\/#breadcrumb","itemListElement":[{"@type":"ListItem","position":1,"name":"Home","item":"https:\/\/studiostockmans.com\/fr\/"},{"@type":"ListItem","position":2,"name":"D\u00e9claration de confidentialit\u00e9"}]},{"@type":"WebSite","@id":"https:\/\/studiostockmans.com\/fr\/#website","url":"https:\/\/studiostockmans.com\/fr\/","name":"Studio Pieter Stockmans","description":"Belgian Hard-Paste Porcelain","alternateName":"Studio Stockmans","potentialAction":[{"@type":"SearchAction","target":{"@type":"EntryPoint","urlTemplate":"https:\/\/studiostockmans.com\/fr\/?s={search_term_string}"},"query-input":{"@type":"PropertyValueSpecification","valueRequired":true,"valueName":"search_term_string"}}],"inLanguage":"fr-BE"}]}},"_links":{"self":[{"href":"https:\/\/studiostockmans.com\/fr\/wp-json\/wp\/v2\/pages\/17412","targetHints":{"allow":["GET"]}}],"collection":[{"href":"https:\/\/studiostockmans.com\/fr\/wp-json\/wp\/v2\/pages"}],"about":[{"href":"https:\/\/studiostockmans.com\/fr\/wp-json\/wp\/v2\/types\/page"}],"author":[{"embeddable":true,"href":"https:\/\/studiostockmans.com\/fr\/wp-json\/wp\/v2\/users\/1"}],"replies":[{"embeddable":true,"href":"https:\/\/studiostockmans.com\/fr\/wp-json\/wp\/v2\/comments?post=17412"}],"version-history":[{"count":1,"href":"https:\/\/studiostockmans.com\/fr\/wp-json\/wp\/v2\/pages\/17412\/revisions"}],"predecessor-version":[{"id":17415,"href":"https:\/\/studiostockmans.com\/fr\/wp-json\/wp\/v2\/pages\/17412\/revisions\/17415"}],"up":[{"embeddable":true,"href":"https:\/\/studiostockmans.com\/fr\/wp-json\/wp\/v2\/pages\/23029"}],"wp:attachment":[{"href":"https:\/\/studiostockmans.com\/fr\/wp-json\/wp\/v2\/media?parent=17412"}],"curies":[{"name":"wp","href":"https:\/\/api.w.org\/{rel}","templated":true}]}}