{"id":17886,"date":"2025-01-15T15:19:04","date_gmt":"2025-01-15T14:19:04","guid":{"rendered":"https:\/\/studiostockmans.com\/?page_id=17886"},"modified":"2025-05-30T14:53:03","modified_gmt":"2025-05-30T12:53:03","slug":"conditions-generales","status":"publish","type":"page","link":"https:\/\/studiostockmans.com\/fr\/info\/conditions-generales\/","title":{"rendered":"Conditions g\u00e9n\u00e9rales de commande et de facturation"},"content":{"rendered":"\n<p>Le texte en fran\u00e7ais est disponible sur demande. Par manque de demande du texte fran\u00e7ais la version anglaise en n\u00e9erlandaise est consid\u00e9r\u00e9e comme suffisante.<\/p>\n\n\n\n<div class=\"wp-block-buttons is-layout-flex wp-block-buttons-is-layout-flex\">\n<div class=\"wp-block-button\"><a class=\"wp-block-button__link wp-element-button\" href=\"https:\/\/studiostockmans.com\/fr\/conditions-generales\/\">Version anglaise<\/a><\/div>\n\n\n\n<div class=\"wp-block-button\"><a class=\"wp-block-button__link wp-element-button\" href=\"https:\/\/studiostockmans.com\/fr\/conditions-generales\/\">Version n\u00e9erlandaise<\/a><\/div>\n<\/div>\n\n\n\n<p><\/p>\n","protected":false},"excerpt":{"rendered":"Le texte en fran\u00e7ais est disponible sur demande. Par manque de demande du texte fran\u00e7ais la version anglaise en n\u00e9erlandaise est consid\u00e9r\u00e9e comme suffisante.\n","protected":false},"author":1,"featured_media":0,"parent":23029,"menu_order":0,"comment_status":"closed","ping_status":"closed","template":"page-templates\/template-policy.php","meta":{"_acf_changed":false,"footnotes":""},"class_list":["post-17886","page","type-page","status-publish","hentry"],"acf":[],"yoast_head":"<!-- This site is optimized with the Yoast SEO plugin v27.0 - https:\/\/yoast.com\/product\/yoast-seo-wordpress\/ -->\n<title>Conditions G\u00c3\u00a9n\u00c3\u00a9rales | Studio Pieter Stockmans<\/title>\n<meta name=\"description\" content=\"Nos conditions g\u00c3\u00a9n\u00c3\u00a9rales de commande et de facturation. Tout sur les commandes, paiements et retours chez Studio Pieter Stockmans.\" \/>\n<meta name=\"robots\" content=\"index, follow, max-snippet:-1, max-image-preview:large, max-video-preview:-1\" \/>\n<link rel=\"canonical\" href=\"https:\/\/studiostockmans.com\/fr\/info\/conditions-generales\/\" \/>\n<meta property=\"og:locale\" content=\"fr_FR\" \/>\n<meta property=\"og:type\" content=\"article\" \/>\n<meta property=\"og:title\" content=\"Conditions G\u00c3\u00a9n\u00c3\u00a9rales | Studio Pieter Stockmans\" \/>\n<meta property=\"og:description\" content=\"Nos conditions g\u00c3\u00a9n\u00c3\u00a9rales de commande et de facturation. Tout sur les commandes, paiements et retours chez Studio Pieter Stockmans.\" \/>\n<meta property=\"og:url\" content=\"https:\/\/studiostockmans.com\/fr\/info\/conditions-generales\/\" \/>\n<meta property=\"og:site_name\" content=\"Studio Pieter Stockmans\" \/>\n<meta property=\"article:modified_time\" content=\"2025-05-30T12:53:03+00:00\" \/>\n<meta property=\"og:image\" content=\"https:\/\/studiostockmans.com\/wp-content\/uploads\/2026\/02\/stockmans-opengraph.png\" \/>\n\t<meta property=\"og:image:width\" content=\"1200\" \/>\n\t<meta property=\"og:image:height\" content=\"675\" \/>\n\t<meta property=\"og:image:type\" content=\"image\/png\" \/>\n<meta name=\"twitter:card\" content=\"summary_large_image\" \/>\n<script type=\"application\/ld+json\" class=\"yoast-schema-graph\">{\"@context\":\"https:\/\/schema.org\",\"@graph\":[{\"@type\":\"WebPage\",\"@id\":\"https:\/\/studiostockmans.com\/fr\/info\/conditions-generales\/\",\"url\":\"https:\/\/studiostockmans.com\/fr\/info\/conditions-generales\/\",\"name\":\"Conditions G\u00c3\u00a9n\u00c3\u00a9rales | Studio Pieter Stockmans\",\"isPartOf\":{\"@id\":\"https:\/\/studiostockmans.com\/fr\/#website\"},\"datePublished\":\"2025-01-15T14:19:04+00:00\",\"dateModified\":\"2025-05-30T12:53:03+00:00\",\"description\":\"Nos conditions g\u00c3\u00a9n\u00c3\u00a9rales de commande et de facturation. Tout sur les commandes, paiements et retours chez Studio Pieter Stockmans.\",\"breadcrumb\":{\"@id\":\"https:\/\/studiostockmans.com\/fr\/info\/conditions-generales\/#breadcrumb\"},\"inLanguage\":\"fr-BE\",\"potentialAction\":[{\"@type\":\"ReadAction\",\"target\":[\"https:\/\/studiostockmans.com\/fr\/info\/conditions-generales\/\"]}]},{\"@type\":\"BreadcrumbList\",\"@id\":\"https:\/\/studiostockmans.com\/fr\/info\/conditions-generales\/#breadcrumb\",\"itemListElement\":[{\"@type\":\"ListItem\",\"position\":1,\"name\":\"Home\",\"item\":\"https:\/\/studiostockmans.com\/fr\/\"},{\"@type\":\"ListItem\",\"position\":2,\"name\":\"Conditions g\u00e9n\u00e9rales de commande et de facturation\"}]},{\"@type\":\"WebSite\",\"@id\":\"https:\/\/studiostockmans.com\/fr\/#website\",\"url\":\"https:\/\/studiostockmans.com\/fr\/\",\"name\":\"Studio Pieter Stockmans\",\"description\":\"Belgian Hard-Paste Porcelain\",\"alternateName\":\"Studio Stockmans\",\"potentialAction\":[{\"@type\":\"SearchAction\",\"target\":{\"@type\":\"EntryPoint\",\"urlTemplate\":\"https:\/\/studiostockmans.com\/fr\/?s={search_term_string}\"},\"query-input\":{\"@type\":\"PropertyValueSpecification\",\"valueRequired\":true,\"valueName\":\"search_term_string\"}}],\"inLanguage\":\"fr-BE\"}]}<\/script>\n<!-- \/ Yoast SEO plugin. -->","yoast_head_json":{"title":"Conditions G\u00c3\u00a9n\u00c3\u00a9rales | Studio Pieter Stockmans","description":"Nos conditions g\u00c3\u00a9n\u00c3\u00a9rales de commande et de facturation. Tout sur les commandes, paiements et retours chez Studio Pieter Stockmans.","robots":{"index":"index","follow":"follow","max-snippet":"max-snippet:-1","max-image-preview":"max-image-preview:large","max-video-preview":"max-video-preview:-1"},"canonical":"https:\/\/studiostockmans.com\/fr\/info\/conditions-generales\/","og_locale":"fr_FR","og_type":"article","og_title":"Conditions G\u00c3\u00a9n\u00c3\u00a9rales | Studio Pieter Stockmans","og_description":"Nos conditions g\u00c3\u00a9n\u00c3\u00a9rales de commande et de facturation. Tout sur les commandes, paiements et retours chez Studio Pieter Stockmans.","og_url":"https:\/\/studiostockmans.com\/fr\/info\/conditions-generales\/","og_site_name":"Studio Pieter Stockmans","article_modified_time":"2025-05-30T12:53:03+00:00","og_image":[{"width":1200,"height":675,"url":"https:\/\/studiostockmans.com\/wp-content\/uploads\/2026\/02\/stockmans-opengraph.png","type":"image\/png"}],"twitter_card":"summary_large_image","schema":{"@context":"https:\/\/schema.org","@graph":[{"@type":"WebPage","@id":"https:\/\/studiostockmans.com\/fr\/info\/conditions-generales\/","url":"https:\/\/studiostockmans.com\/fr\/info\/conditions-generales\/","name":"Conditions G\u00c3\u00a9n\u00c3\u00a9rales | Studio Pieter Stockmans","isPartOf":{"@id":"https:\/\/studiostockmans.com\/fr\/#website"},"datePublished":"2025-01-15T14:19:04+00:00","dateModified":"2025-05-30T12:53:03+00:00","description":"Nos conditions g\u00c3\u00a9n\u00c3\u00a9rales de commande et de facturation. Tout sur les commandes, paiements et retours chez Studio Pieter Stockmans.","breadcrumb":{"@id":"https:\/\/studiostockmans.com\/fr\/info\/conditions-generales\/#breadcrumb"},"inLanguage":"fr-BE","potentialAction":[{"@type":"ReadAction","target":["https:\/\/studiostockmans.com\/fr\/info\/conditions-generales\/"]}]},{"@type":"BreadcrumbList","@id":"https:\/\/studiostockmans.com\/fr\/info\/conditions-generales\/#breadcrumb","itemListElement":[{"@type":"ListItem","position":1,"name":"Home","item":"https:\/\/studiostockmans.com\/fr\/"},{"@type":"ListItem","position":2,"name":"Conditions g\u00e9n\u00e9rales de commande et de facturation"}]},{"@type":"WebSite","@id":"https:\/\/studiostockmans.com\/fr\/#website","url":"https:\/\/studiostockmans.com\/fr\/","name":"Studio Pieter Stockmans","description":"Belgian Hard-Paste Porcelain","alternateName":"Studio Stockmans","potentialAction":[{"@type":"SearchAction","target":{"@type":"EntryPoint","urlTemplate":"https:\/\/studiostockmans.com\/fr\/?s={search_term_string}"},"query-input":{"@type":"PropertyValueSpecification","valueRequired":true,"valueName":"search_term_string"}}],"inLanguage":"fr-BE"}]}},"_links":{"self":[{"href":"https:\/\/studiostockmans.com\/fr\/wp-json\/wp\/v2\/pages\/17886","targetHints":{"allow":["GET"]}}],"collection":[{"href":"https:\/\/studiostockmans.com\/fr\/wp-json\/wp\/v2\/pages"}],"about":[{"href":"https:\/\/studiostockmans.com\/fr\/wp-json\/wp\/v2\/types\/page"}],"author":[{"embeddable":true,"href":"https:\/\/studiostockmans.com\/fr\/wp-json\/wp\/v2\/users\/1"}],"replies":[{"embeddable":true,"href":"https:\/\/studiostockmans.com\/fr\/wp-json\/wp\/v2\/comments?post=17886"}],"version-history":[{"count":4,"href":"https:\/\/studiostockmans.com\/fr\/wp-json\/wp\/v2\/pages\/17886\/revisions"}],"predecessor-version":[{"id":17894,"href":"https:\/\/studiostockmans.com\/fr\/wp-json\/wp\/v2\/pages\/17886\/revisions\/17894"}],"up":[{"embeddable":true,"href":"https:\/\/studiostockmans.com\/fr\/wp-json\/wp\/v2\/pages\/23029"}],"wp:attachment":[{"href":"https:\/\/studiostockmans.com\/fr\/wp-json\/wp\/v2\/media?parent=17886"}],"curies":[{"name":"wp","href":"https:\/\/api.w.org\/{rel}","templated":true}]}}