{"id":23032,"date":"2025-01-15T15:20:24","date_gmt":"2025-01-15T14:20:24","guid":{"rendered":"https:\/\/studiostockmans.com\/info\/bestellen-leveren\/"},"modified":"2025-09-18T15:08:05","modified_gmt":"2025-09-18T13:08:05","slug":"commander-livrer","status":"publish","type":"page","link":"https:\/\/studiostockmans.com\/fr\/info\/commander-livrer\/","title":{"rendered":"Commander &#038; livrer"},"content":{"rendered":"\n<h2 class=\"wp-block-heading\">Informations g\u00e9n\u00e9rales<\/h2>\n\n\n\n<p>Chez Studio Pieter Stockmans, nous emballons nos articles faits main avec le plus grand soin.<br>Nous faisons appel \u00e0 des transporteurs sp\u00e9cialis\u00e9s pour exp\u00e9dier toutes nos commandes.<br>Les commandes sont livr\u00e9es \u00e0 l\u2019adresse de livraison fournie par le client lors de la commande.<br>Les livraisons se font du lundi au vendredi pendant les heures de bureau.<br>Lorsque votre commande est pr\u00eate \u00e0 \u00eatre exp\u00e9di\u00e9e, un num\u00e9ro de suivi vous sera envoy\u00e9 par e-mail.<br>Toutes les commandes peuvent \u00e9galement \u00eatre retir\u00e9es en boutique.<\/p>\n\n\n\n<h2 class=\"wp-block-heading\">Zones de livraison &amp; frais<\/h2>\n\n\n\n<p>Vous trouverez ci-dessous un aper\u00e7u des zones de livraison et des frais.<br>Les frais d\u2019exp\u00e9dition sont communiqu\u00e9s pour chaque commande lors de sa validation.<br>Les d\u00e9lais de livraison indiqu\u00e9s sont des estimations et ne s\u2019appliquent qu\u2019aux articles en stock.<br>Pour toute destination non mentionn\u00e9e ci-dessous, contactez-nous : <a href=\"mailto:admin@pietstockmans.com\">admin@pietstockmans.com<\/a><\/p>\n","protected":false},"excerpt":{"rendered":"Informations g\u00e9n\u00e9rales Chez Studio Pieter Stockmans, nous emballons nos articles faits main avec le plus grand soin.Nous faisons appel \u00e0 des transporteurs sp\u00e9cialis\u00e9s pour exp\u00e9dier toutes nos commandes.Les commandes sont livr\u00e9es \u00e0 l\u2019adresse de livraison fournie par le client lors de la commande.Les livraisons se font du lundi au vendredi pendant les heures de bureau.Lorsque [&hellip;]\n","protected":false},"author":1,"featured_media":0,"parent":23029,"menu_order":0,"comment_status":"closed","ping_status":"closed","template":"page-templates\/template-policy.php","meta":{"_acf_changed":false,"footnotes":""},"class_list":["post-23032","page","type-page","status-publish","hentry"],"acf":[],"yoast_head":"<!-- This site is optimized with the Yoast SEO plugin v27.0 - https:\/\/yoast.com\/product\/yoast-seo-wordpress\/ -->\n<title>Commander &amp; Livrer | Studio Pieter Stockmans<\/title>\n<meta name=\"description\" content=\"Frais de port, d\u00c3\u00a9lais de livraison et politique de retour pour la porcelaine Studio Pieter Stockmans. Livraison mondiale depuis Genk, Belgique.\" \/>\n<meta name=\"robots\" content=\"index, follow, max-snippet:-1, max-image-preview:large, max-video-preview:-1\" \/>\n<link rel=\"canonical\" href=\"https:\/\/studiostockmans.com\/fr\/info\/commander-livrer\/\" \/>\n<meta property=\"og:locale\" content=\"fr_FR\" \/>\n<meta property=\"og:type\" content=\"article\" \/>\n<meta property=\"og:title\" content=\"Commander &amp; Livrer | Studio Pieter Stockmans\" \/>\n<meta property=\"og:description\" content=\"Frais de port, d\u00c3\u00a9lais de livraison et politique de retour pour la porcelaine Studio Pieter Stockmans. Livraison mondiale depuis Genk, Belgique.\" \/>\n<meta property=\"og:url\" content=\"https:\/\/studiostockmans.com\/fr\/info\/commander-livrer\/\" \/>\n<meta property=\"og:site_name\" content=\"Studio Pieter Stockmans\" \/>\n<meta property=\"article:modified_time\" content=\"2025-09-18T13:08:05+00:00\" \/>\n<meta property=\"og:image\" content=\"https:\/\/studiostockmans.com\/wp-content\/uploads\/2026\/02\/stockmans-opengraph.png\" \/>\n\t<meta property=\"og:image:width\" content=\"1200\" \/>\n\t<meta property=\"og:image:height\" content=\"675\" \/>\n\t<meta property=\"og:image:type\" content=\"image\/png\" \/>\n<meta name=\"twitter:card\" content=\"summary_large_image\" \/>\n<meta name=\"twitter:label1\" content=\"Dur\u00e9e de lecture est.\" \/>\n\t<meta name=\"twitter:data1\" content=\"1 minute\" \/>\n<script type=\"application\/ld+json\" class=\"yoast-schema-graph\">{\"@context\":\"https:\/\/schema.org\",\"@graph\":[{\"@type\":\"WebPage\",\"@id\":\"https:\/\/studiostockmans.com\/fr\/info\/commander-livrer\/\",\"url\":\"https:\/\/studiostockmans.com\/fr\/info\/commander-livrer\/\",\"name\":\"Commander & Livrer | Studio Pieter Stockmans\",\"isPartOf\":{\"@id\":\"https:\/\/studiostockmans.com\/fr\/#website\"},\"datePublished\":\"2025-01-15T14:20:24+00:00\",\"dateModified\":\"2025-09-18T13:08:05+00:00\",\"description\":\"Frais de port, d\u00c3\u00a9lais de livraison et politique de retour pour la porcelaine Studio Pieter Stockmans. Livraison mondiale depuis Genk, Belgique.\",\"breadcrumb\":{\"@id\":\"https:\/\/studiostockmans.com\/fr\/info\/commander-livrer\/#breadcrumb\"},\"inLanguage\":\"fr-BE\",\"potentialAction\":[{\"@type\":\"ReadAction\",\"target\":[\"https:\/\/studiostockmans.com\/fr\/info\/commander-livrer\/\"]}]},{\"@type\":\"BreadcrumbList\",\"@id\":\"https:\/\/studiostockmans.com\/fr\/info\/commander-livrer\/#breadcrumb\",\"itemListElement\":[{\"@type\":\"ListItem\",\"position\":1,\"name\":\"Home\",\"item\":\"https:\/\/studiostockmans.com\/fr\/\"},{\"@type\":\"ListItem\",\"position\":2,\"name\":\"Info\",\"item\":\"https:\/\/studiostockmans.com\/fr\/info\/\"},{\"@type\":\"ListItem\",\"position\":3,\"name\":\"Commander &#038; livrer\"}]},{\"@type\":\"WebSite\",\"@id\":\"https:\/\/studiostockmans.com\/fr\/#website\",\"url\":\"https:\/\/studiostockmans.com\/fr\/\",\"name\":\"Studio Pieter Stockmans\",\"description\":\"Belgian Hard-Paste Porcelain\",\"alternateName\":\"Studio Stockmans\",\"potentialAction\":[{\"@type\":\"SearchAction\",\"target\":{\"@type\":\"EntryPoint\",\"urlTemplate\":\"https:\/\/studiostockmans.com\/fr\/?s={search_term_string}\"},\"query-input\":{\"@type\":\"PropertyValueSpecification\",\"valueRequired\":true,\"valueName\":\"search_term_string\"}}],\"inLanguage\":\"fr-BE\"}]}<\/script>\n<!-- \/ Yoast SEO plugin. -->","yoast_head_json":{"title":"Commander & Livrer | Studio Pieter Stockmans","description":"Frais de port, d\u00c3\u00a9lais de livraison et politique de retour pour la porcelaine Studio Pieter Stockmans. Livraison mondiale depuis Genk, Belgique.","robots":{"index":"index","follow":"follow","max-snippet":"max-snippet:-1","max-image-preview":"max-image-preview:large","max-video-preview":"max-video-preview:-1"},"canonical":"https:\/\/studiostockmans.com\/fr\/info\/commander-livrer\/","og_locale":"fr_FR","og_type":"article","og_title":"Commander & Livrer | Studio Pieter Stockmans","og_description":"Frais de port, d\u00c3\u00a9lais de livraison et politique de retour pour la porcelaine Studio Pieter Stockmans. Livraison mondiale depuis Genk, Belgique.","og_url":"https:\/\/studiostockmans.com\/fr\/info\/commander-livrer\/","og_site_name":"Studio Pieter Stockmans","article_modified_time":"2025-09-18T13:08:05+00:00","og_image":[{"width":1200,"height":675,"url":"https:\/\/studiostockmans.com\/wp-content\/uploads\/2026\/02\/stockmans-opengraph.png","type":"image\/png"}],"twitter_card":"summary_large_image","twitter_misc":{"Dur\u00e9e de lecture est.":"1 minute"},"schema":{"@context":"https:\/\/schema.org","@graph":[{"@type":"WebPage","@id":"https:\/\/studiostockmans.com\/fr\/info\/commander-livrer\/","url":"https:\/\/studiostockmans.com\/fr\/info\/commander-livrer\/","name":"Commander & Livrer | Studio Pieter Stockmans","isPartOf":{"@id":"https:\/\/studiostockmans.com\/fr\/#website"},"datePublished":"2025-01-15T14:20:24+00:00","dateModified":"2025-09-18T13:08:05+00:00","description":"Frais de port, d\u00c3\u00a9lais de livraison et politique de retour pour la porcelaine Studio Pieter Stockmans. Livraison mondiale depuis Genk, Belgique.","breadcrumb":{"@id":"https:\/\/studiostockmans.com\/fr\/info\/commander-livrer\/#breadcrumb"},"inLanguage":"fr-BE","potentialAction":[{"@type":"ReadAction","target":["https:\/\/studiostockmans.com\/fr\/info\/commander-livrer\/"]}]},{"@type":"BreadcrumbList","@id":"https:\/\/studiostockmans.com\/fr\/info\/commander-livrer\/#breadcrumb","itemListElement":[{"@type":"ListItem","position":1,"name":"Home","item":"https:\/\/studiostockmans.com\/fr\/"},{"@type":"ListItem","position":2,"name":"Info","item":"https:\/\/studiostockmans.com\/fr\/info\/"},{"@type":"ListItem","position":3,"name":"Commander &#038; livrer"}]},{"@type":"WebSite","@id":"https:\/\/studiostockmans.com\/fr\/#website","url":"https:\/\/studiostockmans.com\/fr\/","name":"Studio Pieter Stockmans","description":"Belgian Hard-Paste Porcelain","alternateName":"Studio Stockmans","potentialAction":[{"@type":"SearchAction","target":{"@type":"EntryPoint","urlTemplate":"https:\/\/studiostockmans.com\/fr\/?s={search_term_string}"},"query-input":{"@type":"PropertyValueSpecification","valueRequired":true,"valueName":"search_term_string"}}],"inLanguage":"fr-BE"}]}},"_links":{"self":[{"href":"https:\/\/studiostockmans.com\/fr\/wp-json\/wp\/v2\/pages\/23032","targetHints":{"allow":["GET"]}}],"collection":[{"href":"https:\/\/studiostockmans.com\/fr\/wp-json\/wp\/v2\/pages"}],"about":[{"href":"https:\/\/studiostockmans.com\/fr\/wp-json\/wp\/v2\/types\/page"}],"author":[{"embeddable":true,"href":"https:\/\/studiostockmans.com\/fr\/wp-json\/wp\/v2\/users\/1"}],"replies":[{"embeddable":true,"href":"https:\/\/studiostockmans.com\/fr\/wp-json\/wp\/v2\/comments?post=23032"}],"version-history":[{"count":4,"href":"https:\/\/studiostockmans.com\/fr\/wp-json\/wp\/v2\/pages\/23032\/revisions"}],"predecessor-version":[{"id":59570,"href":"https:\/\/studiostockmans.com\/fr\/wp-json\/wp\/v2\/pages\/23032\/revisions\/59570"}],"up":[{"embeddable":true,"href":"https:\/\/studiostockmans.com\/fr\/wp-json\/wp\/v2\/pages\/23029"}],"wp:attachment":[{"href":"https:\/\/studiostockmans.com\/fr\/wp-json\/wp\/v2\/media?parent=23032"}],"curies":[{"name":"wp","href":"https:\/\/api.w.org\/{rel}","templated":true}]}}