{"id":121598,"date":"2026-04-02T13:52:48","date_gmt":"2026-04-02T11:52:48","guid":{"rendered":"https:\/\/studiostockmans.com\/product\/wind-element-mural-face-a-droite\/"},"modified":"2026-04-02T15:12:36","modified_gmt":"2026-04-02T13:12:36","slug":"wind-element-mural-face-a-droite","status":"publish","type":"product","link":"https:\/\/studiostockmans.com\/fr\/produit\/wind-element-mural-face-a-droite\/","title":{"rendered":"WIND \u00e9l\u00e9ment mural face \u00e0 droite nr2"},"content":{"rendered":"","protected":false},"excerpt":{"rendered":"","protected":false},"featured_media":116057,"template":"","meta":{"_acf_changed":false},"product_brand":[],"product_cat":[5341,5289,5277,5349,5329],"product_tag":[],"class_list":{"0":"post-121598","1":"product","2":"type-product","3":"status-publish","4":"has-post-thumbnail","6":"product_cat-b2b-fr","7":"product_cat-cadeaux","8":"product_cat-decoration-interieure","9":"product_cat-decoration-murale","10":"product_cat-mariage","12":"first","13":"instock","14":"taxable","15":"shipping-taxable","16":"purchasable","17":"product-type-variable"},"acf":[],"yoast_head":"<!-- This site is optimized with the Yoast SEO plugin v27.0 - https:\/\/yoast.com\/product\/yoast-seo-wordpress\/ -->\n<title>WIND \u00e9l\u00e9ment mural face \u00e0 droite nr2 - Studio Pieter Stockmans<\/title>\n<meta name=\"robots\" content=\"index, follow, max-snippet:-1, max-image-preview:large, max-video-preview:-1\" \/>\n<link rel=\"canonical\" href=\"https:\/\/studiostockmans.com\/fr\/produit\/wind-element-mural-face-a-droite\/\" \/>\n<meta property=\"og:locale\" content=\"fr_FR\" \/>\n<meta property=\"og:type\" content=\"article\" \/>\n<meta property=\"og:title\" content=\"WIND \u00e9l\u00e9ment mural face \u00e0 droite nr2 - Studio Pieter Stockmans\" \/>\n<meta property=\"og:url\" content=\"https:\/\/studiostockmans.com\/fr\/produit\/wind-element-mural-face-a-droite\/\" \/>\n<meta property=\"og:site_name\" content=\"Studio Pieter Stockmans\" \/>\n<meta property=\"article:modified_time\" content=\"2026-04-02T13:12:36+00:00\" \/>\n<meta property=\"og:image\" content=\"https:\/\/studiostockmans.com\/wp-content\/uploads\/2026\/01\/619.0225GB-A-1.jpg\" \/>\n\t<meta property=\"og:image:width\" content=\"1\" \/>\n\t<meta property=\"og:image:height\" content=\"1\" \/>\n\t<meta property=\"og:image:type\" content=\"image\/jpeg\" \/>\n<meta name=\"twitter:card\" content=\"summary_large_image\" \/>\n<script type=\"application\/ld+json\" class=\"yoast-schema-graph\">{\"@context\":\"https:\/\/schema.org\",\"@graph\":[{\"@type\":\"WebPage\",\"@id\":\"https:\/\/studiostockmans.com\/fr\/produit\/wind-element-mural-face-a-droite\/\",\"url\":\"https:\/\/studiostockmans.com\/fr\/produit\/wind-element-mural-face-a-droite\/\",\"name\":\"WIND \u00e9l\u00e9ment mural face \u00e0 droite nr2 - Studio Pieter Stockmans\",\"isPartOf\":{\"@id\":\"https:\/\/studiostockmans.com\/fr\/#website\"},\"primaryImageOfPage\":{\"@id\":\"https:\/\/studiostockmans.com\/fr\/produit\/wind-element-mural-face-a-droite\/#primaryimage\"},\"image\":{\"@id\":\"https:\/\/studiostockmans.com\/fr\/produit\/wind-element-mural-face-a-droite\/#primaryimage\"},\"thumbnailUrl\":\"https:\/\/studiostockmans.com\/wp-content\/uploads\/2026\/01\/619.0225GB-A-1.jpg\",\"datePublished\":\"2026-04-02T11:52:48+00:00\",\"dateModified\":\"2026-04-02T13:12:36+00:00\",\"breadcrumb\":{\"@id\":\"https:\/\/studiostockmans.com\/fr\/produit\/wind-element-mural-face-a-droite\/#breadcrumb\"},\"inLanguage\":\"fr-BE\",\"potentialAction\":[{\"@type\":\"ReadAction\",\"target\":[\"https:\/\/studiostockmans.com\/fr\/produit\/wind-element-mural-face-a-droite\/\"]}]},{\"@type\":\"ImageObject\",\"inLanguage\":\"fr-BE\",\"@id\":\"https:\/\/studiostockmans.com\/fr\/produit\/wind-element-mural-face-a-droite\/#primaryimage\",\"url\":\"https:\/\/studiostockmans.com\/wp-content\/uploads\/2026\/01\/619.0225GB-A-1.jpg\",\"contentUrl\":\"https:\/\/studiostockmans.com\/wp-content\/uploads\/2026\/01\/619.0225GB-A-1.jpg\"},{\"@type\":\"BreadcrumbList\",\"@id\":\"https:\/\/studiostockmans.com\/fr\/produit\/wind-element-mural-face-a-droite\/#breadcrumb\",\"itemListElement\":[{\"@type\":\"ListItem\",\"position\":1,\"name\":\"Home\",\"item\":\"https:\/\/studiostockmans.com\/fr\/\"},{\"@type\":\"ListItem\",\"position\":2,\"name\":\"Boutique\",\"item\":\"https:\/\/studiostockmans.com\/fr\/boutique\/\"},{\"@type\":\"ListItem\",\"position\":3,\"name\":\"cadeaux\",\"item\":\"https:\/\/studiostockmans.com\/fr\/categorie-produit\/cadeaux\/\"},{\"@type\":\"ListItem\",\"position\":4,\"name\":\"b2b\",\"item\":\"https:\/\/studiostockmans.com\/fr\/categorie-produit\/cadeaux\/b2b-fr\/\"},{\"@type\":\"ListItem\",\"position\":5,\"name\":\"WIND \u00e9l\u00e9ment mural face \u00e0 droite nr2\"}]},{\"@type\":\"WebSite\",\"@id\":\"https:\/\/studiostockmans.com\/fr\/#website\",\"url\":\"https:\/\/studiostockmans.com\/fr\/\",\"name\":\"Studio Pieter Stockmans\",\"description\":\"Belgian Hard-Paste Porcelain\",\"alternateName\":\"Studio Stockmans\",\"potentialAction\":[{\"@type\":\"SearchAction\",\"target\":{\"@type\":\"EntryPoint\",\"urlTemplate\":\"https:\/\/studiostockmans.com\/fr\/?s={search_term_string}\"},\"query-input\":{\"@type\":\"PropertyValueSpecification\",\"valueRequired\":true,\"valueName\":\"search_term_string\"}}],\"inLanguage\":\"fr-BE\"}]}<\/script>\n<!-- \/ Yoast SEO plugin. -->","yoast_head_json":{"title":"WIND \u00e9l\u00e9ment mural face \u00e0 droite nr2 - Studio Pieter Stockmans","robots":{"index":"index","follow":"follow","max-snippet":"max-snippet:-1","max-image-preview":"max-image-preview:large","max-video-preview":"max-video-preview:-1"},"canonical":"https:\/\/studiostockmans.com\/fr\/produit\/wind-element-mural-face-a-droite\/","og_locale":"fr_FR","og_type":"article","og_title":"WIND \u00e9l\u00e9ment mural face \u00e0 droite nr2 - Studio Pieter Stockmans","og_url":"https:\/\/studiostockmans.com\/fr\/produit\/wind-element-mural-face-a-droite\/","og_site_name":"Studio Pieter Stockmans","article_modified_time":"2026-04-02T13:12:36+00:00","og_image":[{"url":"https:\/\/studiostockmans.com\/wp-content\/uploads\/2026\/01\/619.0225GB-A-1.jpg","width":1,"height":1,"type":"image\/jpeg"}],"twitter_card":"summary_large_image","schema":{"@context":"https:\/\/schema.org","@graph":[{"@type":"WebPage","@id":"https:\/\/studiostockmans.com\/fr\/produit\/wind-element-mural-face-a-droite\/","url":"https:\/\/studiostockmans.com\/fr\/produit\/wind-element-mural-face-a-droite\/","name":"WIND \u00e9l\u00e9ment mural face \u00e0 droite nr2 - Studio Pieter Stockmans","isPartOf":{"@id":"https:\/\/studiostockmans.com\/fr\/#website"},"primaryImageOfPage":{"@id":"https:\/\/studiostockmans.com\/fr\/produit\/wind-element-mural-face-a-droite\/#primaryimage"},"image":{"@id":"https:\/\/studiostockmans.com\/fr\/produit\/wind-element-mural-face-a-droite\/#primaryimage"},"thumbnailUrl":"https:\/\/studiostockmans.com\/wp-content\/uploads\/2026\/01\/619.0225GB-A-1.jpg","datePublished":"2026-04-02T11:52:48+00:00","dateModified":"2026-04-02T13:12:36+00:00","breadcrumb":{"@id":"https:\/\/studiostockmans.com\/fr\/produit\/wind-element-mural-face-a-droite\/#breadcrumb"},"inLanguage":"fr-BE","potentialAction":[{"@type":"ReadAction","target":["https:\/\/studiostockmans.com\/fr\/produit\/wind-element-mural-face-a-droite\/"]}]},{"@type":"ImageObject","inLanguage":"fr-BE","@id":"https:\/\/studiostockmans.com\/fr\/produit\/wind-element-mural-face-a-droite\/#primaryimage","url":"https:\/\/studiostockmans.com\/wp-content\/uploads\/2026\/01\/619.0225GB-A-1.jpg","contentUrl":"https:\/\/studiostockmans.com\/wp-content\/uploads\/2026\/01\/619.0225GB-A-1.jpg"},{"@type":"BreadcrumbList","@id":"https:\/\/studiostockmans.com\/fr\/produit\/wind-element-mural-face-a-droite\/#breadcrumb","itemListElement":[{"@type":"ListItem","position":1,"name":"Home","item":"https:\/\/studiostockmans.com\/fr\/"},{"@type":"ListItem","position":2,"name":"Boutique","item":"https:\/\/studiostockmans.com\/fr\/boutique\/"},{"@type":"ListItem","position":3,"name":"cadeaux","item":"https:\/\/studiostockmans.com\/fr\/categorie-produit\/cadeaux\/"},{"@type":"ListItem","position":4,"name":"b2b","item":"https:\/\/studiostockmans.com\/fr\/categorie-produit\/cadeaux\/b2b-fr\/"},{"@type":"ListItem","position":5,"name":"WIND \u00e9l\u00e9ment mural face \u00e0 droite nr2"}]},{"@type":"WebSite","@id":"https:\/\/studiostockmans.com\/fr\/#website","url":"https:\/\/studiostockmans.com\/fr\/","name":"Studio Pieter Stockmans","description":"Belgian Hard-Paste Porcelain","alternateName":"Studio Stockmans","potentialAction":[{"@type":"SearchAction","target":{"@type":"EntryPoint","urlTemplate":"https:\/\/studiostockmans.com\/fr\/?s={search_term_string}"},"query-input":{"@type":"PropertyValueSpecification","valueRequired":true,"valueName":"search_term_string"}}],"inLanguage":"fr-BE"}]}},"_links":{"self":[{"href":"https:\/\/studiostockmans.com\/fr\/wp-json\/wp\/v2\/product\/121598","targetHints":{"allow":["GET"]}}],"collection":[{"href":"https:\/\/studiostockmans.com\/fr\/wp-json\/wp\/v2\/product"}],"about":[{"href":"https:\/\/studiostockmans.com\/fr\/wp-json\/wp\/v2\/types\/product"}],"wp:featuredmedia":[{"embeddable":true,"href":"https:\/\/studiostockmans.com\/fr\/wp-json\/wp\/v2\/media\/116057"}],"wp:attachment":[{"href":"https:\/\/studiostockmans.com\/fr\/wp-json\/wp\/v2\/media?parent=121598"}],"wp:term":[{"taxonomy":"product_brand","embeddable":true,"href":"https:\/\/studiostockmans.com\/fr\/wp-json\/wp\/v2\/product_brand?post=121598"},{"taxonomy":"product_cat","embeddable":true,"href":"https:\/\/studiostockmans.com\/fr\/wp-json\/wp\/v2\/product_cat?post=121598"},{"taxonomy":"product_tag","embeddable":true,"href":"https:\/\/studiostockmans.com\/fr\/wp-json\/wp\/v2\/product_tag?post=121598"}],"curies":[{"name":"wp","href":"https:\/\/api.w.org\/{rel}","templated":true}]}}